{"id":1467,"date":"2010-08-12T14:17:56","date_gmt":"2010-08-12T12:17:56","guid":{"rendered":"http:\/\/spvgg-fuerth.com\/?page_id=1467"},"modified":"2010-08-15T18:22:55","modified_gmt":"2010-08-15T16:22:55","slug":"saison-20032004-b","status":"publish","type":"page","link":"https:\/\/spvgg-fuerth.com\/?page_id=1467","title":{"rendered":"Saison 2003\/2004"},"content":{"rendered":"<div class=\"hinrunde\">\n<h3>Hinrunde<\/h3>\n<ul>\n<li>01 | <a href=\"http:\/\/spvgg-fuerth.com\/?page_id=1477\">SpVgg F\u00fcrth<\/a> (20) &#8211; <a href=\"http:\/\/spvgg-fuerth.com\/?page_id=1483\">Unterhaching<\/a> (1) | Sonntag, 03.08.2003<\/li>\n<li>02 | Jahn Regensburg &#8211; <a href=\"http:\/\/spvgg-fuerth.com\/?page_id=1487\">SpVgg F\u00fcrth<\/a> (21) | Freitag, 08.08.2003<\/li>\n<li>03 | <a href=\"http:\/\/spvgg-fuerth.com\/?page_id=1492\">SpVgg F\u00fcrth<\/a> (2) &#8211; <a href=\"http:\/\/spvgg-fuerth.com\/?page_id=1495\">Eintracht Trier<\/a> (1) | Sonntag, 17.08.2003<\/li>\n<li>04 | <a href=\"http:\/\/spvgg-fuerth.com\/?page_id=1501\">Union Berlin<\/a> (3) &#8211; <a href=\"http:\/\/spvgg-fuerth.com\/?page_id=1498\">SpVgg F\u00fcrth<\/a> (2) | Sonntag, 24.08.2003<\/li>\n<li>05 | <a href=\"http:\/\/spvgg-fuerth.com\/?page_id=1504\">SpVgg F\u00fcrth<\/a> (7) &#8211; <a href=\"http:\/\/spvgg-fuerth.com\/?page_id=1507\">Alemannia Aachen<\/a> (1) | Sonntag, 14.09.2003<\/li>\n<li>06 | <a href=\"http:\/\/spvgg-fuerth.com\/?page_id=1515\">FC N\u00fcrnberg<\/a> (2) &#8211; <a href=\"http:\/\/spvgg-fuerth.com\/?page_id=1510\">SpVgg F\u00fcrth<\/a> (25) | Montag, 22.09.2003<\/li>\n<li>07 | <a href=\"http:\/\/spvgg-fuerth.com\/?page_id=1518\">SpVgg F\u00fcrth<\/a> (17) &#8211; <a href=\"http:\/\/spvgg-fuerth.com\/?page_id=1525\">VfL Osnabr\u00fcck<\/a> (2) | Sonntag, 28.09.2003<\/li>\n<li>08 | <a href=\"http:\/\/spvgg-fuerth.com\/?page_id=1533\">Oberhausen<\/a> (1) &#8211; <a href=\"http:\/\/spvgg-fuerth.com\/?page_id=1529\">SpVgg F\u00fcrth<\/a> (7) | Sonntag, 05.10.2003<\/li>\n<li>09 | <a href=\"http:\/\/spvgg-fuerth.com\/?page_id=1536\">SpVgg F\u00fcrth<\/a> (7) &#8211; <a href=\"http:\/\/spvgg-fuerth.com\/?page_id=1539\">LR Ahlen<\/a> (1) | Sonntag, 19.10.2003<\/li>\n<li>10 | <a href=\"http:\/\/spvgg-fuerth.com\/?page_id=1546\">Karlsruher SC<\/a> (1) &#8211; <a href=\"http:\/\/spvgg-fuerth.com\/?page_id=1542\">SpVgg F\u00fcrth<\/a> (11) | Sonntag, 26.10.2003<\/li>\n<li>11 | <a href=\"http:\/\/spvgg-fuerth.com\/?page_id=1550\">SpVgg F\u00fcrth<\/a> (5) &#8211; <a href=\"http:\/\/spvgg-fuerth.com\/?page_id=1553\">Wacker Burghausen<\/a> (1) | Sonntag, 02.11.2003<\/li>\n<li>12 | FSV Mainz 05 &#8211; <a href=\"http:\/\/spvgg-fuerth.com\/?page_id=1556\">SpVgg F\u00fcrth<\/a> (3) | Freitag, 07.11.2003<\/li>\n<li>13 | <a href=\"http:\/\/spvgg-fuerth.com\/?page_id=1561\">SpVgg F\u00fcrth<\/a> (8) &#8211; <a href=\"http:\/\/spvgg-fuerth.com\/?page_id=1565\">Energie Cottbus<\/a> (4) | Sonntag, 23.11.2003<\/li>\n<li>14 | <a href=\"http:\/\/spvgg-fuerth.com\/?page_id=1571\">Erzgebirge Aue<\/a> (1) &#8211; <a href=\"http:\/\/spvgg-fuerth.com\/?page_id=1568\">SpVgg F\u00fcrth<\/a> (12) | Sonntag, 30.11.2003<\/li>\n<li>15 | Arminia Bielefeld &#8211; <a href=\"http:\/\/spvgg-fuerth.com\/?page_id=1574\">SpVgg F\u00fcrth<\/a> (1) | Sonntag, 07.12.2003<\/li>\n<li>16 | <a href=\"http:\/\/spvgg-fuerth.com\/?page_id=1577\">SpVgg F\u00fcrth<\/a> (3) &#8211; MSV Duisburg | Freitag, 12.12.2003<\/li>\n<li>17 | VfB L\u00fcbeck &#8211; <a href=\"http:\/\/spvgg-fuerth.com\/?page_id=1580\">SpVgg F\u00fcrth<\/a> (2) | Mittwoch, 17.12.2003<\/li>\n<\/ul>\n<p><\/p>\n<h3>Sonstiges<\/h3>\n<ul>\n<li>Testspiel | Maxh\u00fctte-Haidhof &#8211; <a href=\"http:\/\/spvgg-fuerth.com\/?page_id=1736\">SpVgg F\u00fcrth<\/a> (1) | Freitag, 04.07.2003<\/li>\n<li>Testspiel | Seligenporten &#8211; <a href=\"http:\/\/spvgg-fuerth.com\/?page_id=1744\">SpVgg F\u00fcrth<\/a> (2) | Montag, 07.07.2003<\/li>\n<li>Testspiel | <a href=\"http:\/\/spvgg-fuerth.com\/?page_id=1700\">Schweinfurt<\/a> (1) &#8211; <a href=\"http:\/\/spvgg-fuerth.com\/?page_id=1697\">SpVgg F\u00fcrth Amateure<\/a> (6) | Samstag, 12.07.2003<\/li>\n<li>Testspiel | Glasgow Rangers &#8211; <a href=\"http:\/\/spvgg-fuerth.com\/?page_id=1731\">SpVgg F\u00fcrth<\/a> (4) | Mittwoch, 16.07.2003<\/li>\n<li>DFB-Pokal | 01 | Erzgebirge Aue &#8211; <a href=\"http:\/\/spvgg-fuerth.com\/?page_id=1703\">SpVgg F\u00fcrth<\/a> (6) | Samstag, 30.08.2003<\/li>\n<li>Amateure | W\u00fcrzburg &#8211; <a href=\"http:\/\/spvgg-fuerth.com\/?page_id=1748\">SpVgg F\u00fcrth<\/a> (1) | Samstag, 27.09.2003<\/li>\n<li>DFB-Pokal | 02 | Sportfreunde Siegen &#8211; <a href=\"http:\/\/spvgg-fuerth.com\/?page_id=1709\">SpVgg F\u00fcrth<\/a> (5) | Mittwoch, 29.10.2003<\/li>\n<li>DFB-Pokal | 03 | FC K\u00f6ln &#8211; <a href=\"http:\/\/spvgg-fuerth.com\/?page_id=1713\">SpVgg F\u00fcrth<\/a> (3) | Mittwoch, 03.12.2003<\/li>\n<li><a href=\"http:\/\/spvgg-fuerth.com\/?page_id=1716\">Hallenturnier in N\u00fcrnberg<\/a> (6) | 03.01.2004<\/li>\n<li>DFB-Pokal | 04 | <a href=\"http:\/\/spvgg-fuerth.com\/?page_id=1719\">SpVgg F\u00fcrth<\/a> (13) &#8211; <a href=\"http:\/\/spvgg-fuerth.com\/?page_id=1722\">SV Werder Bremen<\/a> (4) | Dienstag, 03.02.2004<\/li>\n<li>A-Jugend | <a href=\"http:\/\/spvgg-fuerth.com\/?page_id=1725\">SpVgg F\u00fcrth<\/a> (5) &#8211; <a href=\"http:\/\/spvgg-fuerth.com\/?page_id=1728\">VfL Bochum<\/a> (8) | Sonntag, 20.06.2004<\/li>\n<\/ul><\/div>\n<div class=\"rueckrunde\">\n<h3>R\u00fcckrunde<\/h3>\n<ul>\n<li>18 | Unterhaching &#8211; <a href=\"http:\/\/spvgg-fuerth.com\/?page_id=1583\">SpVgg F\u00fcrth<\/a> (8) | Samstag, 31.01.2004<\/li>\n<li>19 | <a href=\"http:\/\/spvgg-fuerth.com\/?page_id=1587\">SpVgg F\u00fcrth<\/a> (10) &#8211; <a href=\"http:\/\/spvgg-fuerth.com\/?page_id=1591\">Jahn Regensburg<\/a> (2) | Sonntag, 08.02.2004<\/li>\n<li>20 | <a href=\"http:\/\/spvgg-fuerth.com\/?page_id=1598\">Eintracht Trier<\/a> (2) &#8211; <a href=\"http:\/\/spvgg-fuerth.com\/?page_id=1594\">SpVgg F\u00fcrth<\/a> (6) | Freitag, 13.02.2004<\/li>\n<li>21 | <a href=\"http:\/\/spvgg-fuerth.com\/?page_id=1601\">SpVgg F\u00fcrth<\/a> (3) &#8211; <a href=\"http:\/\/spvgg-fuerth.com\/?page_id=1604\">Union Berlin<\/a> (2) | Sonntag, 22.02.2004<\/li>\n<li>22 | <a href=\"http:\/\/spvgg-fuerth.com\/?page_id=1611\">Alemannia Aachen<\/a> (2) &#8211; <a href=\"http:\/\/spvgg-fuerth.com\/?page_id=1607\">SpVgg F\u00fcrth<\/a> (6) | Freitag, 27.02.2004<\/li>\n<li>23 | <a href=\"http:\/\/spvgg-fuerth.com\/?page_id=1614\">SpVgg F\u00fcrth<\/a> (65) &#8211; <a href=\"http:\/\/spvgg-fuerth.com\/?page_id=1618\">FC N\u00fcrnberg<\/a> (13) | Sonntag, 07.03.2004<\/li>\n<li>24 | <a href=\"http:\/\/spvgg-fuerth.com\/?page_id=1624\">VfL Osnabr\u00fcck<\/a> (1) &#8211; <a href=\"http:\/\/spvgg-fuerth.com\/?page_id=1621\">SpVgg F\u00fcrth<\/a> (5) | Sonntag, 14.03.2004<\/li>\n<li>25 | <a href=\"http:\/\/spvgg-fuerth.com\/?page_id=1631\">SpVgg F\u00fcrth<\/a> (4) &#8211; <a href=\"http:\/\/spvgg-fuerth.com\/?page_id=1634\">Oberhausen<\/a> (2) | Freitag, 19.03.2004<\/li>\n<li>26 | <a href=\"http:\/\/spvgg-fuerth.com\/?page_id=1640\">LR Ahlen<\/a> (2) &#8211; <a href=\"http:\/\/spvgg-fuerth.com\/?page_id=1637\">SpVgg F\u00fcrth<\/a> (1) | Sonntag, 28.03.2004<\/li>\n<li>27 | <a href=\"http:\/\/spvgg-fuerth.com\/?page_id=1643\">SpVgg F\u00fcrth<\/a> (6) &#8211; <a href=\"http:\/\/spvgg-fuerth.com\/?page_id=1646\">Karlsruher SC<\/a> (10) | Sonntag, 04.04.2004<\/li>\n<li>28 | <a href=\"http:\/\/spvgg-fuerth.com\/?page_id=1653\">Wacker Burghausen<\/a> (2) &#8211; <a href=\"http:\/\/spvgg-fuerth.com\/?page_id=1649\">SpVgg F\u00fcrth<\/a> (18) | Sonntag, 11.04.2004<\/li>\n<li>29 | <a href=\"http:\/\/spvgg-fuerth.com\/?page_id=1657\">SpVgg F\u00fcrth<\/a> (8) &#8211; <a href=\"http:\/\/spvgg-fuerth.com\/?page_id=1663\">FSV Mainz<\/a> (5) | Sonntag, 18.04.2004<\/li>\n<li>30 | <a href=\"http:\/\/spvgg-fuerth.com\/?page_id=1669\">Energie Cottbus<\/a> (6) &#8211; <a href=\"http:\/\/spvgg-fuerth.com\/?page_id=1666\">SpVgg F\u00fcrth<\/a> (1) | Sonntag, 25.04.2004<\/li>\n<li>31 | <a href=\"http:\/\/spvgg-fuerth.com\/?page_id=1672\">SpVgg F\u00fcrth<\/a> (6) &#8211; <a href=\"http:\/\/spvgg-fuerth.com\/?page_id=1675\">Erzgebirge Aue<\/a> (5) | Sonntag, 02.05.2004<\/li>\n<li>32 | <a href=\"http:\/\/spvgg-fuerth.com\/?page_id=1678\">SpVgg F\u00fcrth<\/a> (3) &#8211; <a href=\"http:\/\/spvgg-fuerth.com\/?page_id=1681\">Arminia Bielefeld<\/a> (5) | Sonntag, 09.05.2004<\/li>\n<li>33 | MSV Duisburg &#8211; <a href=\"http:\/\/spvgg-fuerth.com\/?page_id=1684\">SpVgg F\u00fcrth<\/a> (3) | Sonntag, 16.05.2004<\/li>\n<li>34 | <a href=\"http:\/\/spvgg-fuerth.com\/?page_id=1689\">SpVgg F\u00fcrth<\/a> (9) &#8211; <a href=\"http:\/\/spvgg-fuerth.com\/?page_id=1692\">VfB L\u00fcbeck<\/a> (12) | Sonntag, 23.05.2004<\/li>\n<\/ul><\/div>\n","protected":false},"excerpt":{"rendered":"<p>Hinrunde 01 | SpVgg F\u00fcrth (20) &#8211; Unterhaching (1) | Sonntag, 03.08.2003 02 | Jahn Regensburg &#8211; SpVgg F\u00fcrth (21) | Freitag, 08.08.2003 03 | SpVgg F\u00fcrth (2) &#8211; Eintracht Trier (1) | Sonntag, 17.08.2003 04 | Union Berlin (3) &#8211; SpVgg F\u00fcrth (2) | Sonntag, 24.08.2003 05 | SpVgg F\u00fcrth (7) &#8211; Alemannia Aachen [&hellip;]<\/p>\n","protected":false},"author":645,"featured_media":0,"parent":0,"menu_order":0,"comment_status":"open","ping_status":"open","template":"","meta":{"footnotes":""},"class_list":["post-1467","page","type-page","status-publish","hentry"],"_links":{"self":[{"href":"https:\/\/spvgg-fuerth.com\/index.php?rest_route=\/wp\/v2\/pages\/1467","targetHints":{"allow":["GET"]}}],"collection":[{"href":"https:\/\/spvgg-fuerth.com\/index.php?rest_route=\/wp\/v2\/pages"}],"about":[{"href":"https:\/\/spvgg-fuerth.com\/index.php?rest_route=\/wp\/v2\/types\/page"}],"author":[{"embeddable":true,"href":"https:\/\/spvgg-fuerth.com\/index.php?rest_route=\/wp\/v2\/users\/645"}],"replies":[{"embeddable":true,"href":"https:\/\/spvgg-fuerth.com\/index.php?rest_route=%2Fwp%2Fv2%2Fcomments&post=1467"}],"version-history":[{"count":88,"href":"https:\/\/spvgg-fuerth.com\/index.php?rest_route=\/wp\/v2\/pages\/1467\/revisions"}],"predecessor-version":[{"id":1762,"href":"https:\/\/spvgg-fuerth.com\/index.php?rest_route=\/wp\/v2\/pages\/1467\/revisions\/1762"}],"wp:attachment":[{"href":"https:\/\/spvgg-fuerth.com\/index.php?rest_route=%2Fwp%2Fv2%2Fmedia&parent=1467"}],"curies":[{"name":"wp","href":"https:\/\/api.w.org\/{rel}","templated":true}]}}