{"id":159,"date":"2010-04-25T13:14:39","date_gmt":"2010-04-25T12:14:39","guid":{"rendered":"http:\/\/spvgg-fuerth.com\/?page_id=159"},"modified":"2010-04-25T13:14:39","modified_gmt":"2010-04-25T12:14:39","slug":"spvgg-furth-tsv-1860-munchen-gastefans-sonntag-14-02-2010","status":"publish","type":"page","link":"https:\/\/spvgg-fuerth.com\/?page_id=159","title":{"rendered":"SpVgg F\u00fcrth &#8211; TSV 1860 M\u00fcnchen | G\u00e4stefans | Sonntag, 14.02.2010"},"content":{"rendered":"<p><img decoding=\"async\" src=\"https:\/\/www.spvgg-fuerth.com\/fotos\/0910\/fotos\/fue-1860x-01.jpg\"><br \/>\n<img decoding=\"async\" src=\"https:\/\/www.spvgg-fuerth.com\/fotos\/0910\/fotos\/fue-1860x-02.jpg\"><br \/>\n<img decoding=\"async\" src=\"https:\/\/www.spvgg-fuerth.com\/fotos\/0910\/fotos\/fue-1860x-03.jpg\"><br \/>\n<img decoding=\"async\" src=\"https:\/\/www.spvgg-fuerth.com\/fotos\/0910\/fotos\/fue-1860x-04.jpg\"><br \/>\n<img decoding=\"async\" src=\"https:\/\/www.spvgg-fuerth.com\/fotos\/0910\/fotos\/fue-1860x-05.jpg\"><br \/>\n<img decoding=\"async\" src=\"https:\/\/www.spvgg-fuerth.com\/fotos\/0910\/fotos\/fue-1860x-06.jpg\"><br \/>\n<img decoding=\"async\" src=\"https:\/\/www.spvgg-fuerth.com\/fotos\/0910\/fotos\/fue-1860x-07.jpg\"><br \/>\n<img decoding=\"async\" src=\"https:\/\/www.spvgg-fuerth.com\/fotos\/0910\/fotos\/fue-1860x-08.jpg\"><br \/>\n<img decoding=\"async\" src=\"https:\/\/www.spvgg-fuerth.com\/fotos\/0910\/fotos\/fue-1860x-09.jpg\"><br \/>\n<img decoding=\"async\" src=\"https:\/\/www.spvgg-fuerth.com\/fotos\/0910\/fotos\/fue-1860x-10.jpg\"><br \/>\n<img decoding=\"async\" src=\"https:\/\/www.spvgg-fuerth.com\/fotos\/0910\/fotos\/fue-1860x-11.jpg\"><\/p>\n","protected":false},"excerpt":{"rendered":"","protected":false},"author":645,"featured_media":0,"parent":2,"menu_order":0,"comment_status":"open","ping_status":"open","template":"","meta":{"footnotes":""},"class_list":["post-159","page","type-page","status-publish","hentry"],"_links":{"self":[{"href":"https:\/\/spvgg-fuerth.com\/index.php?rest_route=\/wp\/v2\/pages\/159","targetHints":{"allow":["GET"]}}],"collection":[{"href":"https:\/\/spvgg-fuerth.com\/index.php?rest_route=\/wp\/v2\/pages"}],"about":[{"href":"https:\/\/spvgg-fuerth.com\/index.php?rest_route=\/wp\/v2\/types\/page"}],"author":[{"embeddable":true,"href":"https:\/\/spvgg-fuerth.com\/index.php?rest_route=\/wp\/v2\/users\/645"}],"replies":[{"embeddable":true,"href":"https:\/\/spvgg-fuerth.com\/index.php?rest_route=%2Fwp%2Fv2%2Fcomments&post=159"}],"version-history":[{"count":1,"href":"https:\/\/spvgg-fuerth.com\/index.php?rest_route=\/wp\/v2\/pages\/159\/revisions"}],"predecessor-version":[{"id":160,"href":"https:\/\/spvgg-fuerth.com\/index.php?rest_route=\/wp\/v2\/pages\/159\/revisions\/160"}],"up":[{"embeddable":true,"href":"https:\/\/spvgg-fuerth.com\/index.php?rest_route=\/wp\/v2\/pages\/2"}],"wp:attachment":[{"href":"https:\/\/spvgg-fuerth.com\/index.php?rest_route=%2Fwp%2Fv2%2Fmedia&parent=159"}],"curies":[{"name":"wp","href":"https:\/\/api.w.org\/{rel}","templated":true}]}}