{"id":1774,"date":"2010-08-16T17:16:41","date_gmt":"2010-08-16T15:16:41","guid":{"rendered":"http:\/\/spvgg-fuerth.com\/?page_id=1774"},"modified":"2010-08-24T18:33:01","modified_gmt":"2010-08-24T16:33:01","slug":"saison-20022003-b","status":"publish","type":"page","link":"https:\/\/spvgg-fuerth.com\/?page_id=1774","title":{"rendered":"Saison 2002\/2003"},"content":{"rendered":"\n<div class=\"hinrunde\">\n<h3>Hinrunde<\/h3>\n<ul>\n<li>01 | MSV Duisburg &#8211; <a href=\"http:\/\/spvgg-fuerth.com\/?page_id=1784\">SpVgg F\u00fcrth<\/a> (6) | Samstag, 10.08.2002<\/li>\n<li>02 | <a href=\"http:\/\/spvgg-fuerth.com\/?page_id=1787\">SpVgg F\u00fcrth<\/a> (2) &#8211; Alemannia Aachen | Freitag, 16.08.2002<\/li>\n<li>03 | Eintracht Frankfurt &#8211; <a href=\"http:\/\/spvgg-fuerth.com\/?page_id=1790\">SpVgg F\u00fcrth<\/a> (11) | Freitag, 23.08.2002<\/li>\n<li>04 | <a href=\"http:\/\/spvgg-fuerth.com\/?page_id=1796\">SpVgg F\u00fcrth<\/a> (4) &#8211; LR Ahlen | Dienstag, 10.09.2002<\/li>\n<li>05 | <a href=\"http:\/\/spvgg-fuerth.com\/?page_id=1805\">VfB L\u00fcbeck<\/a> (2) &#8211; <a href=\"http:\/\/spvgg-fuerth.com\/?page_id=1800\">SpVgg F\u00fcrth<\/a> (4) | Sonntag, 15.09.2002<\/li>\n<li>06 | <a href=\"http:\/\/spvgg-fuerth.com\/?page_id=1809\">SpVgg F\u00fcrth<\/a> (8) &#8211; Eintracht Braunschweig | Sonntag, 22.09.2002<\/li>\n<li>07 | Union Berlin &#8211; <a href=\"http:\/\/spvgg-fuerth.com\/?page_id=1814\">SpVgg F\u00fcrth<\/a> (5) | Freitag, 27.09.2002<\/li>\n<li>08 | <a href=\"http:\/\/spvgg-fuerth.com\/?page_id=1817\">SpVgg F\u00fcrth<\/a> (6) &#8211; <a href=\"http:\/\/spvgg-fuerth.com\/?page_id=1858\">Mainz<\/a> (1) | Sonntag, 06.10.2002<\/li>\n<li>09 | <a href=\"http:\/\/spvgg-fuerth.com\/?page_id=1861\">Waldhof Mannheim<\/a> (4) &#8211; <a href=\"http:\/\/spvgg-fuerth.com\/?page_id=1823\">SpVgg F\u00fcrth<\/a> (13) | Sonntag, 20.10.2002<\/li>\n<li>10 | <a href=\"http:\/\/spvgg-fuerth.com\/?page_id=1831\">SpVgg F\u00fcrth<\/a> (3) &#8211; Oberhausen | Sonntag, 27.10.2002<\/li>\n<li>11 | SSV Reutlingen &#8211; <a href=\"http:\/\/spvgg-fuerth.com\/?page_id=1834\">SpVgg F\u00fcrth<\/a> (6) | Sonntag, 03.11.2002<\/li>\n<li>12 | <a href=\"http:\/\/spvgg-fuerth.com\/?page_id=1837\">SpVgg F\u00fcrth<\/a> (10) &#8211; FC St.Pauli | Sonntag, 10.11.2002<\/li>\n<li>13 | SC Freiburg &#8211; <a href=\"http:\/\/spvgg-fuerth.com\/?page_id=1843\">SpVgg F\u00fcrth<\/a> (3) | Sonntag, 17.11.2002<\/li>\n<li>14 | <a href=\"http:\/\/spvgg-fuerth.com\/?page_id=1846\">SpVgg F\u00fcrth<\/a> (3) &#8211; Eintracht Trier | Sonntag, 24.11.2002<\/li>\n<li>15 | 1.FC K\u00f6ln &#8211; <a href=\"http:\/\/spvgg-fuerth.com\/?page_id=1849\">SpVgg F\u00fcrth<\/a> (5) | Sonntag, 01.12.2002<\/li>\n<li>16 | <a href=\"http:\/\/spvgg-fuerth.com\/?page_id=1865\">Wacker Burghausen<\/a> (1) &#8211; <a href=\"http:\/\/spvgg-fuerth.com\/?page_id=1852\">SpVgg F\u00fcrth<\/a> (8) | Freitag, 06.12.2002<\/li>\n<li>17 | <a href=\"http:\/\/spvgg-fuerth.com\/?page_id=1855\">SpVgg F\u00fcrth<\/a> (7) &#8211; <a href=\"http:\/\/spvgg-fuerth.com\/?page_id=1868\">Karlsruher SC<\/a> (2) | Freitag, 13.12.2002<\/li>\n<\/ul>\n<p><\/p>\n<h3>Sonstiges<\/h3>\n<ul>\n<li>DFB-Pokal | Hoffenheim &#8211; <a href=\"http:\/\/spvgg-fuerth.com\/?page_id=1981\">SpVgg F\u00fcrth<\/a> (5) | Freitag, 30.08.2002<\/li>\n<li>Hallenturnier | <a href=\"http:\/\/spvgg-fuerth.com\/?page_id=1984\">N\u00fcrnberg<\/a> (1) | Samstag, 04.01.2003<\/li>\n<li>Hallenturnier | <a href=\"http:\/\/spvgg-fuerth.com\/?page_id=1987\">W\u00fcrzburg<\/a> (13) | Montag, 06.01.2003<\/li>\n<li>Testspiel | <a href=\"http:\/\/spvgg-fuerth.com\/?page_id=1995\">SpVgg F\u00fcrth<\/a> (1) &#8211; <a href=\"http:\/\/spvgg-fuerth.com\/?page_id=1998\">Schweinfurt<\/a> (2) | Dienstag, 21.01.2003<\/li>\n<li>100-Jahre Jubil\u00e4um | <a href=\"http:\/\/spvgg-fuerth.com\/?page_id=2002\">SpVgg F\u00fcrth<\/a> (26) &#8211; <a href=\"http:\/\/spvgg-fuerth.com\/?page_id=2009\">Bayern M\u00fcnchen<\/a> (1) | 13.05.2003<\/li>\n<li>A-Jugend | <a href=\"http:\/\/spvgg-fuerth.com\/?page_id=2012\">SpVgg F\u00fcrth<\/a> (2) &#8211; Memmingen | Sonntag, 15.06.2003<\/li>\n<li>A-Jugend | Memmingen &#8211; <a href=\"http:\/\/spvgg-fuerth.com\/?page_id=2017\">SpVgg F\u00fcrth<\/a> (2) | Donnerstag, 19.06.2003<\/li>\n<\/ul><\/div>\n<div class=\"rueckrunde\">\n<h3>R\u00fcckrunde<\/h3>\n<ul>\n<li>18 | <a href=\"http:\/\/spvgg-fuerth.com\/?page_id=1871\">SpVgg F\u00fcrth<\/a> (2) &#8211; MSV Duisburg | Sonntag, 26.01.2003<\/li>\n<li>20 | <a href=\"http:\/\/spvgg-fuerth.com\/?page_id=1874\">SpVgg F\u00fcrth<\/a> (14) &#8211; <a href=\"http:\/\/spvgg-fuerth.com\/?page_id=1880\">Eintracht Frankfurt<\/a> (3) | Sonntag, 09.02.2003<\/li>\n<li>21 | LR Ahlen &#8211; <a href=\"http:\/\/spvgg-fuerth.com\/?page_id=1883\">SpVgg F\u00fcrth<\/a> (1) | Sonntag,16.02.2003<\/li>\n<li>22 | <a href=\"http:\/\/spvgg-fuerth.com\/?page_id=1886\">SpVgg F\u00fcrth<\/a> (6) &#8211; <a href=\"http:\/\/spvgg-fuerth.com\/?page_id=1899\">VfB L\u00fcbeck<\/a> (1) | Sonntag, 23.02.2003<\/li>\n<li>23 | <a href=\"http:\/\/spvgg-fuerth.com\/?page_id=1902\">Eintracht Braunschweig<\/a> (2) &#8211; <a href=\"http:\/\/spvgg-fuerth.com\/?page_id=1890\">SpVgg F\u00fcrth<\/a> (1) | Freitag, 28.02.2003<\/li>\n<li>19 | Alemannia Aachen &#8211; <a href=\"http:\/\/spvgg-fuerth.com\/?page_id=1893\">SpVgg F\u00fcrth<\/a> (3) | Mittwoch, 05.03.2003 (Nachholspiel)<\/li>\n<li>24 | <a href=\"http:\/\/spvgg-fuerth.com\/?page_id=1896\">SpVgg F\u00fcrth<\/a> (2) &#8211; <a href=\"http:\/\/spvgg-fuerth.com\/?page_id=1907\">Union Berlin<\/a> (2) | Sonntag, 09.03.2003<\/li>\n<li>25 | <a href=\"http:\/\/spvgg-fuerth.com\/?page_id=1913\">FSV Mainz 05<\/a> \u2013 <a href=\"http:\/\/spvgg-fuerth.com\/?page_id=1910\">SpVgg F\u00fcrth<\/a> (5) | Freitag, 14.03.2003<\/li>\n<li>26 | <a href=\"http:\/\/spvgg-fuerth.com\/?page_id=1916\">SpVgg F\u00fcrth<\/a> (4) &#8211; <a href=\"http:\/\/spvgg-fuerth.com\/?page_id=1919\">Waldhof Mannheim<\/a> (3) | Sonntag, 23.03.2003<\/li>\n<li>27 | <a href=\"http:\/\/spvgg-fuerth.com\/?page_id=1928\">RW Oberhausen<\/a> (2) &#8211; <a href=\"http:\/\/spvgg-fuerth.com\/?page_id=1922\">SpVgg F\u00fcrth<\/a> (15) | Sonntag, 06.04.2003<\/li>\n<li>28 | <a href=\"http:\/\/spvgg-fuerth.com\/?page_id=1931\">SpVgg F\u00fcrth<\/a> (5) &#8211; <a href=\"http:\/\/spvgg-fuerth.com\/?page_id=1935\">SSV Reutlingen<\/a> (3) | Sonntag, 13.04.2003<\/li>\n<li>29 | <a href=\"http:\/\/spvgg-fuerth.com\/?page_id=1943\">FC St.Pauli<\/a> (8) &#8211; <a href=\"http:\/\/spvgg-fuerth.com\/?page_id=1940\">SpVgg F\u00fcrth<\/a> (12) | Donnerstag, 17.04.2003<\/li>\n<li>30 | <a href=\"http:\/\/spvgg-fuerth.com\/?page_id=1946\">SpVgg F\u00fcrth<\/a> (11) &#8211; <a href=\"http:\/\/spvgg-fuerth.com\/?page_id=1951\">SC Freiburg<\/a> (3) | Freitag, 25.04.2003<\/li>\n<li>31 | Eintracht Trier &#8211; <a href=\"http:\/\/spvgg-fuerth.com\/?page_id=1954\">SpVgg F\u00fcrth<\/a> (9) | Sonntag, 04.05.2003<\/li>\n<li>32 | <a href=\"http:\/\/spvgg-fuerth.com\/?page_id=1959\">SpVgg F\u00fcrth<\/a> (15) &#8211; <a href=\"http:\/\/spvgg-fuerth.com\/?page_id=1962\">1.FC K\u00f6ln<\/a> (5) | Donnerstag, 08.05.2003<\/li>\n<li>33 | <a href=\"http:\/\/spvgg-fuerth.com\/?page_id=1965\">SpVgg F\u00fcrth<\/a> (10) &#8211; Wacker Burghausen | Sonntag, 18.05.2003<\/li>\n<li>34 | Karlsruher SC &#8211; <a href=\"http:\/\/spvgg-fuerth.com\/?page_id=1973\">SpVgg F\u00fcrth<\/a> (13) | Sonntag, 25.05.2003<\/li>\n<\/ul>\n<p><\/p>\n<h3>Amateure<\/h3>\n<ul>\n<li>SG Quelle F\u00fcrth &#8211; <a href=\"http:\/\/spvgg-fuerth.com\/?page_id=2022\">SpVgg Amateure<\/a> (1) | Freitag, 09.08.2002<\/li>\n<li>TSV Gerbrunn &#8211; <a href=\"http:\/\/spvgg-fuerth.com\/?page_id=2027\">SpVgg Amateure<\/a> (10) | Samstag, 17.08.2002<\/li>\n<li class=\"kommtnoch\">FCN Amateure &#8211; SpVgg Amateure | Dienstag, 27.08.2002<\/li>\n<li>Jahn Regensburg &#8211; <a href=\"http:\/\/spvgg-fuerth.com\/?page_id=2030\">SpVgg Amateure<\/a> (2) | Sonntag, 01.09.2002<\/li>\n<li><a href=\"http:\/\/spvgg-fuerth.com\/?page_id=2034\">SpVgg Amateure<\/a> (3) &#8211; SpVgg Weiden | Sonntag, 15.09.2002<\/li>\n<li>1. SC Feucht &#8211; <a href=\"http:\/\/spvgg-fuerth.com\/?page_id=2037\">SpVgg Amateure<\/a> (3) | Freitag, 18.10.2002<\/li>\n<li><a href=\"http:\/\/spvgg-fuerth.com\/?page_id=2040\">SpVgg Amateure<\/a> (3) &#8211; Schwaben Augsburg | Samstag, 26.10.2002<\/li>\n<li>SpVgg Ansbach &#8211; <a href=\"http:\/\/spvgg-fuerth.com\/?page_id=2043\">SpVgg Amateure<\/a> (3) | Samstag, 23.11.2002<\/li>\n<li><a href=\"http:\/\/spvgg-fuerth.com\/?page_id=2047\">SpVgg Amateure<\/a> (7) &#8211; SQ Quelle F\u00fcrth | Mittwoch, 02.04.2003<\/li>\n<li>SpVgg Weiden &#8211; <a href=\"http:\/\/spvgg-fuerth.com\/?page_id=2052\">SpVgg Amateure<\/a> (24) | Samstag, 12.04.2003<\/li>\n<\/ul>\n<p><\/p><\/div>\n","protected":false},"excerpt":{"rendered":"<p>Hinrunde 01 | MSV Duisburg &#8211; SpVgg F\u00fcrth (6) | Samstag, 10.08.2002 02 | SpVgg F\u00fcrth (2) &#8211; Alemannia Aachen | Freitag, 16.08.2002 03 | Eintracht Frankfurt &#8211; SpVgg F\u00fcrth (11) | Freitag, 23.08.2002 04 | SpVgg F\u00fcrth (4) &#8211; LR Ahlen | Dienstag, 10.09.2002 05 | VfB L\u00fcbeck (2) &#8211; SpVgg F\u00fcrth (4) | [&hellip;]<\/p>\n","protected":false},"author":645,"featured_media":0,"parent":0,"menu_order":0,"comment_status":"open","ping_status":"open","template":"","meta":{"footnotes":""},"class_list":["post-1774","page","type-page","status-publish","hentry"],"_links":{"self":[{"href":"https:\/\/spvgg-fuerth.com\/index.php?rest_route=\/wp\/v2\/pages\/1774","targetHints":{"allow":["GET"]}}],"collection":[{"href":"https:\/\/spvgg-fuerth.com\/index.php?rest_route=\/wp\/v2\/pages"}],"about":[{"href":"https:\/\/spvgg-fuerth.com\/index.php?rest_route=\/wp\/v2\/types\/page"}],"author":[{"embeddable":true,"href":"https:\/\/spvgg-fuerth.com\/index.php?rest_route=\/wp\/v2\/users\/645"}],"replies":[{"embeddable":true,"href":"https:\/\/spvgg-fuerth.com\/index.php?rest_route=%2Fwp%2Fv2%2Fcomments&post=1774"}],"version-history":[{"count":96,"href":"https:\/\/spvgg-fuerth.com\/index.php?rest_route=\/wp\/v2\/pages\/1774\/revisions"}],"predecessor-version":[{"id":2559,"href":"https:\/\/spvgg-fuerth.com\/index.php?rest_route=\/wp\/v2\/pages\/1774\/revisions\/2559"}],"wp:attachment":[{"href":"https:\/\/spvgg-fuerth.com\/index.php?rest_route=%2Fwp%2Fv2%2Fmedia&parent=1774"}],"curies":[{"name":"wp","href":"https:\/\/api.w.org\/{rel}","templated":true}]}}