{"id":205,"date":"2010-04-25T13:47:20","date_gmt":"2010-04-25T12:47:20","guid":{"rendered":"http:\/\/spvgg-fuerth.com\/?page_id=205"},"modified":"2010-04-25T13:47:20","modified_gmt":"2010-04-25T12:47:20","slug":"spvgg-furth-paderborn-mit-gasten-aus-nurnberg-freitag-16-04-2010","status":"publish","type":"page","link":"https:\/\/spvgg-fuerth.com\/?page_id=205","title":{"rendered":"SpVgg F\u00fcrth &#8211; Paderborn (mit G\u00e4sten aus N\u00fcrnberg) | Freitag, 16.04.2010"},"content":{"rendered":"<p><img decoding=\"async\" src=\"https:\/\/www.spvgg-fuerth.com\/fotos\/0910\/fotos\/fue-paderbornx-01.jpg\"><img decoding=\"async\" src=\"https:\/\/www.spvgg-fuerth.com\/fotos\/0910\/fotos\/fue-paderbornx-02.jpg\"><br \/>\n<img decoding=\"async\" src=\"https:\/\/www.spvgg-fuerth.com\/fotos\/0910\/fotos\/fue-paderbornx-03.jpg\"><br \/>\n<img decoding=\"async\" src=\"https:\/\/www.spvgg-fuerth.com\/fotos\/0910\/fotos\/fue-paderbornx-04.jpg\"><br \/>\n<img decoding=\"async\" src=\"https:\/\/www.spvgg-fuerth.com\/fotos\/0910\/fotos\/fue-paderbornx-05.jpg\"><br \/>\n<img decoding=\"async\" src=\"https:\/\/www.spvgg-fuerth.com\/fotos\/0910\/fotos\/fue-paderbornx-06.jpg\"><br \/>\n<img decoding=\"async\" src=\"https:\/\/www.spvgg-fuerth.com\/fotos\/0910\/fotos\/fue-paderbornx-07.jpg\"><\/p>\n","protected":false},"excerpt":{"rendered":"","protected":false},"author":645,"featured_media":0,"parent":2,"menu_order":0,"comment_status":"open","ping_status":"open","template":"","meta":{"footnotes":""},"class_list":["post-205","page","type-page","status-publish","hentry"],"_links":{"self":[{"href":"https:\/\/spvgg-fuerth.com\/index.php?rest_route=\/wp\/v2\/pages\/205","targetHints":{"allow":["GET"]}}],"collection":[{"href":"https:\/\/spvgg-fuerth.com\/index.php?rest_route=\/wp\/v2\/pages"}],"about":[{"href":"https:\/\/spvgg-fuerth.com\/index.php?rest_route=\/wp\/v2\/types\/page"}],"author":[{"embeddable":true,"href":"https:\/\/spvgg-fuerth.com\/index.php?rest_route=\/wp\/v2\/users\/645"}],"replies":[{"embeddable":true,"href":"https:\/\/spvgg-fuerth.com\/index.php?rest_route=%2Fwp%2Fv2%2Fcomments&post=205"}],"version-history":[{"count":1,"href":"https:\/\/spvgg-fuerth.com\/index.php?rest_route=\/wp\/v2\/pages\/205\/revisions"}],"predecessor-version":[{"id":206,"href":"https:\/\/spvgg-fuerth.com\/index.php?rest_route=\/wp\/v2\/pages\/205\/revisions\/206"}],"up":[{"embeddable":true,"href":"https:\/\/spvgg-fuerth.com\/index.php?rest_route=\/wp\/v2\/pages\/2"}],"wp:attachment":[{"href":"https:\/\/spvgg-fuerth.com\/index.php?rest_route=%2Fwp%2Fv2%2Fmedia&parent=205"}],"curies":[{"name":"wp","href":"https:\/\/api.w.org\/{rel}","templated":true}]}}