{"id":2259,"date":"2010-08-20T13:08:23","date_gmt":"2010-08-20T11:08:23","guid":{"rendered":"http:\/\/spvgg-fuerth.com\/?page_id=2259"},"modified":"2010-08-24T18:31:25","modified_gmt":"2010-08-24T16:31:25","slug":"saison-20002001-b","status":"publish","type":"page","link":"https:\/\/spvgg-fuerth.com\/?page_id=2259","title":{"rendered":"Saison 2000\/2001"},"content":{"rendered":"<div class=\"hinrunde\">\n<h3>Hinrunde<\/h3>\n<ul>\n<li>01 | <a href=\"http:\/\/spvgg-fuerth.com\/?page_id=2285\">SpVgg F\u00fcrth<\/a> (2) &#8211; Chemnitzer FC | Sonntag, 13.08.2000<\/li>\n<li>02 | Saarbr\u00fccken &#8211; <a href=\"http:\/\/spvgg-fuerth.com\/?page_id=2289\">SpVgg F\u00fcrth<\/a> (2) | Sonntag, 20.08.2000<\/li>\n<li>03 | <a href=\"http:\/\/spvgg-fuerth.com\/?page_id=2292\">SpVgg F\u00fcrth<\/a> (1) &#8211; VfL Osnabr\u00fcck | Mittwoch, 06.09.2000<\/li>\n<li>04 | Ulm &#8211; <a href=\"http:\/\/spvgg-fuerth.com\/?page_id=2298\">SpVgg F\u00fcrth<\/a> (6) | Sonntag, 10.09.2000<\/li>\n<li>05 | <a href=\"http:\/\/spvgg-fuerth.com\/?page_id=2303\">SpVgg F\u00fcrth<\/a> (2) &#8211; Oberhausen | Sonntag, 17.09.2000<\/li>\n<li>06 | Mainz &#8211; <a href=\"http:\/\/spvgg-fuerth.com\/?page_id=2307\">SpVgg F\u00fcrth<\/a> (3) | Samstag, 23.09.2000<\/li>\n<li>07 | <a href=\"http:\/\/spvgg-fuerth.com\/?page_id=2310\">SpVgg F\u00fcrth<\/a> (2) &#8211; Aachen | Sonntag, 01.10.2000<\/li>\n<li>08 | FC St.Pauli &#8211; <a href=\"http:\/\/spvgg-fuerth.com\/?page_id=2313\">SpVgg F\u00fcrth<\/a> (1) | Sonntag, 15.10.2000<\/li>\n<li>09 | <a href=\"http:\/\/spvgg-fuerth.com\/?page_id=2316\">SpVgg F\u00fcrth<\/a> (12) &#8211; <a href=\"http:\/\/spvgg-fuerth.com\/?page_id=2319\">FCN<\/a> (4) | Samstag, 21.10.2000<\/li>\n<li>10 | LR Ahlen &#8211; <a href=\"http:\/\/spvgg-fuerth.com\/?page_id=2324\">SpVgg F\u00fcrth<\/a> (2) | Sonntag, 29.10.2000<\/li>\n<li>11 | <a href=\"http:\/\/spvgg-fuerth.com\/?page_id=2327\">SpVgg F\u00fcrth<\/a> (1) &#8211; Waldhof Mannheim | Sonntag, 05.11.2000<\/li>\n<li>12 | Reutlingen &#8211; <a href=\"http:\/\/spvgg-fuerth.com\/?page_id=2330\">SpVgg F\u00fcrth<\/a> (2) | Sonntag, 12.11.2000<\/li>\n<li>13 | <a href=\"http:\/\/spvgg-fuerth.com\/?page_id=2333\">SpVgg F\u00fcrth<\/a> (1) &#8211; Stuttgarter Kickers | Sonntag, 19.11.2000<\/li>\n<li>14 | <a href=\"http:\/\/spvgg-fuerth.com\/?page_id=2341\">Duisburg<\/a> (1) &#8211; <a href=\"http:\/\/spvgg-fuerth.com\/?page_id=2337\">SpVgg F\u00fcrth<\/a> (4) | Freitag, 24.11.2000<\/li>\n<li>15 | <a href=\"http:\/\/spvgg-fuerth.com\/?page_id=2347\">SpVgg F\u00fcrth<\/a> (4) &#8211; <a href=\"http:\/\/spvgg-fuerth.com\/?page_id=2354\">Bielefeld<\/a> (5) | Freitag, 01.12.2000<\/li>\n<li>16 | <a href=\"http:\/\/spvgg-fuerth.com\/?page_id=2360\">M\u00f6nchengladbach<\/a> (2) &#8211; <a href=\"http:\/\/spvgg-fuerth.com\/?page_id=2351\">SpVgg F\u00fcrth<\/a> (5) | Sonntag, 10.12.2000<\/li>\n<li>17 | <a href=\"http:\/\/spvgg-fuerth.com\/?page_id=2363\">SpVgg F\u00fcrth<\/a> (3) &#8211; Hannover 96 | Donnerstag, 14.12.2000<\/li>\n<\/ul>\n<p><\/p>\n<h3>Sonstiges<\/h3>\n<ul>\n<li>Testspiel | FC Bayern Hof &#8211; <a href=\"http:\/\/spvgg-fuerth.com\/?page_id=2430\">SpVgg F\u00fcrth<\/a> (4) | Freitag, 07.07.2000<\/li>\n<li>Testspiel | SpVgg Unterhaching &#8211; <a href=\"http:\/\/spvgg-fuerth.com\/?page_id=2446\">SpVgg F\u00fcrth<\/a> (2) | Samstag, 05.08.2000<\/li>\n<li>DFB-Pokal | Saarbr\u00fccken &#8211; <a href=\"http:\/\/spvgg-fuerth.com\/?page_id=2433\">SpVgg F\u00fcrth<\/a> (1) | Samstag, 26.08.2000<\/li>\n<li>DFB-Pokal | Union Berlin &#8211; <a href=\"http:\/\/spvgg-fuerth.com\/?page_id=2436\">SpVgg F\u00fcrth<\/a> (1) | Mittwoch, 01.11.2000<\/li>\n<li>Testspiel | <a href=\"http:\/\/spvgg-fuerth.com\/?page_id=2439\">SpVgg F\u00fcrth<\/a> (4) &#8211; Schweinfurt | Samstag, 24.03.2001<\/li>\n<li>TSV Neustadt\/Aisch &#8211; <a href=\"http:\/\/spvgg-fuerth.com\/?page_id=2442\">SpVgg Amateure<\/a> (3) | Mittwoch, 11.04.2001<\/li>\n<\/ul><\/div>\n<div class=\"rueckrunde\">\n<h3>R\u00fcckrunde<\/h3>\n<ul>\n<li>18 | Chemnitzer FC &#8211; <a href=\"http:\/\/spvgg-fuerth.com\/?page_id=2366\">SpVgg F\u00fcrth<\/a> (8) | Sonntag, 17.12.2000<\/li>\n<li class=\"kommtnoch\">19 | SpVgg F\u00fcrth &#8211; Saarbr\u00fccken | Sonntag, 28.01.2001<\/li>\n<li>20 | VfL Osnabr\u00fcck &#8211; <a href=\"http:\/\/spvgg-fuerth.com\/?page_id=2371\">SpVgg F\u00fcrth<\/a> (2) | Sonntag, 04.02.2001<\/li>\n<li class=\"kommtnoch\">21 | SpVgg F\u00fcrth &#8211; Ulm | Sonntag, 11.02.2001<\/li>\n<li>22 | Oberhausen &#8211; <a href=\"http:\/\/spvgg-fuerth.com\/?page_id=2374\">SpVgg F\u00fcrth<\/a> (3) | Samstag, 17.02.2001<\/li>\n<li class=\"kommtnoch\">23 | SpVgg F\u00fcrth &#8211; Mainz | Sonntag, 25.02.2001 <\/li>\n<li>24 | Aachen &#8211; <a href=\"http:\/\/spvgg-fuerth.com\/?page_id=2377\">SpVgg F\u00fcrth<\/a> (3) | Sonntag, 04.03.2001<\/li>\n<li>25 | <a href=\"http:\/\/spvgg-fuerth.com\/?page_id=2380\">SpVgg F\u00fcrth<\/a> (2) &#8211; FC St.Pauli | Sonntag, 11.03.2001<\/li>\n<li>26 | FCN &#8211; <a href=\"http:\/\/spvgg-fuerth.com\/?page_id=2383\">SpVgg F\u00fcrth<\/a> (14) | Samstag, 17.03.2001<\/li>\n<li>27 | <a href=\"http:\/\/spvgg-fuerth.com\/?page_id=2389\">SpVgg F\u00fcrth<\/a> (2) &#8211; LR Ahlen | Sonntag, 01.04.2001<\/li>\n<li>28 | Waldhof Mannheim &#8211; <a href=\"http:\/\/spvgg-fuerth.com\/?page_id=2393\">SpVgg F\u00fcrth<\/a> (7) | Samstag, 07.04.2001<\/li>\n<li>29 | <a href=\"http:\/\/spvgg-fuerth.com\/?page_id=2397\">SpVgg F\u00fcrth<\/a> (2) &#8211; SSV Reutlingen | Sonntag, 15.04.2001<\/li>\n<li>30 | Stuttgarter Kickers &#8211; <a href=\"http:\/\/spvgg-fuerth.com\/?page_id=2401\">SpVgg F\u00fcrth<\/a> (5) | Sonntag, 22.04.2001<\/li>\n<li>31 | <a href=\"http:\/\/spvgg-fuerth.com\/?page_id=2407\">SpVgg F\u00fcrth<\/a> (9) &#8211; <a href=\"http:\/\/spvgg-fuerth.com\/?page_id=2410\">MSV Duisburg<\/a> (2) | Montag, 30.04.2001<\/li>\n<li>32 | Bielefeld &#8211; <a href=\"http:\/\/spvgg-fuerth.com\/?page_id=2414\">SpVgg F\u00fcrth<\/a> (4) | Sonntag, 06.05.2001<\/li>\n<li>33 | <a href=\"http:\/\/spvgg-fuerth.com\/?page_id=2417\">SpVgg F\u00fcrth<\/a> (13) &#8211; <a href=\"http:\/\/spvgg-fuerth.com\/?page_id=2422\">M\u00f6nchengladbach<\/a> (4) | Sonntag, 13.05.2001<\/li>\n<li>34 | Hannover 96 &#8211; <a href=\"http:\/\/spvgg-fuerth.com\/?page_id=2425\">SpVgg F\u00fcrth<\/a> (5) | Sonntag, 20.05.2001<\/li>\n<\/ul><\/div>\n","protected":false},"excerpt":{"rendered":"<p>Hinrunde 01 | SpVgg F\u00fcrth (2) &#8211; Chemnitzer FC | Sonntag, 13.08.2000 02 | Saarbr\u00fccken &#8211; SpVgg F\u00fcrth (2) | Sonntag, 20.08.2000 03 | SpVgg F\u00fcrth (1) &#8211; VfL Osnabr\u00fcck | Mittwoch, 06.09.2000 04 | Ulm &#8211; SpVgg F\u00fcrth (6) | Sonntag, 10.09.2000 05 | SpVgg F\u00fcrth (2) &#8211; Oberhausen | Sonntag, 17.09.2000 06 | [&hellip;]<\/p>\n","protected":false},"author":645,"featured_media":0,"parent":0,"menu_order":0,"comment_status":"open","ping_status":"open","template":"","meta":{"footnotes":""},"class_list":["post-2259","page","type-page","status-publish","hentry"],"_links":{"self":[{"href":"https:\/\/spvgg-fuerth.com\/index.php?rest_route=\/wp\/v2\/pages\/2259","targetHints":{"allow":["GET"]}}],"collection":[{"href":"https:\/\/spvgg-fuerth.com\/index.php?rest_route=\/wp\/v2\/pages"}],"about":[{"href":"https:\/\/spvgg-fuerth.com\/index.php?rest_route=\/wp\/v2\/types\/page"}],"author":[{"embeddable":true,"href":"https:\/\/spvgg-fuerth.com\/index.php?rest_route=\/wp\/v2\/users\/645"}],"replies":[{"embeddable":true,"href":"https:\/\/spvgg-fuerth.com\/index.php?rest_route=%2Fwp%2Fv2%2Fcomments&post=2259"}],"version-history":[{"count":63,"href":"https:\/\/spvgg-fuerth.com\/index.php?rest_route=\/wp\/v2\/pages\/2259\/revisions"}],"predecessor-version":[{"id":2557,"href":"https:\/\/spvgg-fuerth.com\/index.php?rest_route=\/wp\/v2\/pages\/2259\/revisions\/2557"}],"wp:attachment":[{"href":"https:\/\/spvgg-fuerth.com\/index.php?rest_route=%2Fwp%2Fv2%2Fmedia&parent=2259"}],"curies":[{"name":"wp","href":"https:\/\/api.w.org\/{rel}","templated":true}]}}