{"id":2692,"date":"2010-09-12T10:30:38","date_gmt":"2010-09-12T08:30:38","guid":{"rendered":"http:\/\/spvgg-fuerth.com\/?page_id=2692"},"modified":"2010-09-18T12:20:27","modified_gmt":"2010-09-18T10:20:27","slug":"100-jahre-sportpark-ronhof","status":"publish","type":"page","link":"https:\/\/spvgg-fuerth.com\/?page_id=2692","title":{"rendered":"100 Jahre Sportpark Ronhof"},"content":{"rendered":"<p>Zum 100-j\u00e4hrigen Jubil\u00e4um des Ronhofs pr\u00e4sentiert <a href=\"http:\/\/www.faszination-fuerth.de\">Faszination F\u00fcrth<\/a> sechs interaktive 360-Grad-Panoramen aus dem Stadion.<br \/>\nDie interaktive Ansicht \u00f6ffnet sich nach einem Klick auf das jeweilige Bild in einem neuen Fenster.<\/p>\n<p><a href=\"http:\/\/www.faszination-fuerth.de\/panorama\/ronhof05\" title=\"Link zum Panorama Ronhof\" target=\"_blank\"><img decoding=\"async\" src=\"https:\/\/www.spvgg-fuerth.com\/fotos\/1011\/fue-aachen-017.jpg\" alt=\"Panorama Sportpark Ronhof\"><\/a><\/p>\n<p><a href=\"http:\/\/www.faszination-fuerth.de\/panorama\/ronhof01\" title=\"Link zum Panorama Ronhof\" target=\"_blank\"><img decoding=\"async\" src=\"https:\/\/www.spvgg-fuerth.com\/pano01.jpg\" alt=\"Panorama Sportpark Ronhof\"><\/a><\/p>\n<p><a href=\"http:\/\/www.faszination-fuerth.de\/panorama\/ronhof02\" title=\"Link zum Panorama Ronhof\" target=\"_blank\"><img decoding=\"async\" src=\"https:\/\/www.spvgg-fuerth.com\/pano02.jpg\" alt=\"Panorama Sportpark Ronhof\"><\/a><\/p>\n<p><a href=\"http:\/\/www.faszination-fuerth.de\/panorama\/ronhof03\" title=\"Link zum Panorama Ronhof\" target=\"_blank\"><img decoding=\"async\" src=\"https:\/\/www.spvgg-fuerth.com\/pano03.jpg\" alt=\"Panorama Sportpark Ronhof\"><\/a><\/p>\n<p><a href=\"http:\/\/www.faszination-fuerth.de\/panorama\/ronhof04\" title=\"Link zum Panorama Ronhof\" target=\"_blank\"><img decoding=\"async\" src=\"https:\/\/www.spvgg-fuerth.com\/pano04.jpg\" alt=\"Panorama Sportpark Ronhof\"><\/a><\/p>\n<p><a href=\"http:\/\/www.faszination-fuerth.de\/panorama\/ronhof06\" title=\"Link zum Panorama Ronhof\" target=\"_blank\"><img decoding=\"async\" src=\"https:\/\/www.spvgg-fuerth.com\/pano06.jpg\" alt=\"Panorama Sportpark Ronhof\"><\/a><\/p>\n<p><\/p>\n","protected":false},"excerpt":{"rendered":"<p>Zum 100-j\u00e4hrigen Jubil\u00e4um des Ronhofs pr\u00e4sentiert Faszination F\u00fcrth sechs interaktive 360-Grad-Panoramen aus dem Stadion. Die interaktive Ansicht \u00f6ffnet sich nach einem Klick auf das jeweilige Bild in einem neuen Fenster.<\/p>\n","protected":false},"author":645,"featured_media":0,"parent":0,"menu_order":0,"comment_status":"open","ping_status":"open","template":"","meta":{"footnotes":""},"class_list":["post-2692","page","type-page","status-publish","hentry"],"_links":{"self":[{"href":"https:\/\/spvgg-fuerth.com\/index.php?rest_route=\/wp\/v2\/pages\/2692","targetHints":{"allow":["GET"]}}],"collection":[{"href":"https:\/\/spvgg-fuerth.com\/index.php?rest_route=\/wp\/v2\/pages"}],"about":[{"href":"https:\/\/spvgg-fuerth.com\/index.php?rest_route=\/wp\/v2\/types\/page"}],"author":[{"embeddable":true,"href":"https:\/\/spvgg-fuerth.com\/index.php?rest_route=\/wp\/v2\/users\/645"}],"replies":[{"embeddable":true,"href":"https:\/\/spvgg-fuerth.com\/index.php?rest_route=%2Fwp%2Fv2%2Fcomments&post=2692"}],"version-history":[{"count":10,"href":"https:\/\/spvgg-fuerth.com\/index.php?rest_route=\/wp\/v2\/pages\/2692\/revisions"}],"predecessor-version":[{"id":2736,"href":"https:\/\/spvgg-fuerth.com\/index.php?rest_route=\/wp\/v2\/pages\/2692\/revisions\/2736"}],"wp:attachment":[{"href":"https:\/\/spvgg-fuerth.com\/index.php?rest_route=%2Fwp%2Fv2%2Fmedia&parent=2692"}],"curies":[{"name":"wp","href":"https:\/\/api.w.org\/{rel}","templated":true}]}}