{"id":272,"date":"2010-04-25T19:59:17","date_gmt":"2010-04-25T17:59:17","guid":{"rendered":"http:\/\/spvgg-fuerth.com\/?page_id=272"},"modified":"2010-04-25T19:59:17","modified_gmt":"2010-04-25T17:59:17","slug":"07-spvgg-furth-vfl-osnabruck-gastefans-sonntag-05-10-2008","status":"publish","type":"page","link":"https:\/\/spvgg-fuerth.com\/?page_id=272","title":{"rendered":"07 | SpVgg F\u00fcrth &#8211; VfL Osnabr\u00fcck | G\u00e4stefans | Sonntag, 05.10.2008"},"content":{"rendered":"<p><img decoding=\"async\" src=\"https:\/\/www.spvgg-fuerth.com\/fotos\/0809\/fotos\/fue-osnax-1.jpg\" alt=\"\" \/><br \/>\n<img decoding=\"async\" src=\"https:\/\/www.spvgg-fuerth.com\/fotos\/0809\/fotos\/fue-osnax-2.jpg\" alt=\"\" \/><br \/>\n<img decoding=\"async\" src=\"https:\/\/www.spvgg-fuerth.com\/fotos\/0809\/fotos\/fue-osnax-3.jpg\" alt=\"\" \/><br \/>\n<img decoding=\"async\" src=\"https:\/\/www.spvgg-fuerth.com\/fotos\/0809\/fotos\/fue-osnax-4.jpg\" alt=\"\" \/><br \/>\n<img decoding=\"async\" src=\"https:\/\/www.spvgg-fuerth.com\/fotos\/0809\/fotos\/fue-osnax-5.jpg\" alt=\"\" \/><br \/>\n<img decoding=\"async\" src=\"https:\/\/www.spvgg-fuerth.com\/fotos\/0809\/fotos\/fue-osnax-6.jpg\" alt=\"\" \/><br \/>\n<img decoding=\"async\" src=\"https:\/\/www.spvgg-fuerth.com\/fotos\/0809\/fotos\/fue-osnax-7.jpg\" alt=\"\" \/><br \/>\n<img decoding=\"async\" src=\"https:\/\/www.spvgg-fuerth.com\/fotos\/0809\/fotos\/fue-osnax-8.jpg\" alt=\"\" \/><br \/>\n<img decoding=\"async\" src=\"https:\/\/www.spvgg-fuerth.com\/fotos\/0809\/fotos\/fue-osnax-9.jpg\" alt=\"\" \/><br \/>\n<img decoding=\"async\" src=\"https:\/\/www.spvgg-fuerth.com\/fotos\/0809\/fotos\/fue-osnax-10.jpg\" alt=\"\" \/><br \/>\n<img decoding=\"async\" src=\"https:\/\/www.spvgg-fuerth.com\/fotos\/0809\/fotos\/fue-osnax-11.jpg\" alt=\"\" \/><br \/>\n<img decoding=\"async\" src=\"https:\/\/www.spvgg-fuerth.com\/fotos\/0809\/fotos\/fue-osnax-12.jpg\" alt=\"\" \/><br \/>\n<img decoding=\"async\" src=\"https:\/\/www.spvgg-fuerth.com\/fotos\/0809\/fotos\/fue-osnax-13.jpg\" alt=\"\" \/><br \/>\n<img decoding=\"async\" src=\"https:\/\/www.spvgg-fuerth.com\/fotos\/0809\/fotos\/fue-osnax-14.jpg\" alt=\"\" \/><br \/>\n<img decoding=\"async\" src=\"https:\/\/www.spvgg-fuerth.com\/fotos\/0809\/fotos\/fue-osnax-15.jpg\" alt=\"\" \/><\/p>\n","protected":false},"excerpt":{"rendered":"","protected":false},"author":645,"featured_media":0,"parent":236,"menu_order":0,"comment_status":"open","ping_status":"open","template":"","meta":{"footnotes":""},"class_list":["post-272","page","type-page","status-publish","hentry"],"_links":{"self":[{"href":"https:\/\/spvgg-fuerth.com\/index.php?rest_route=\/wp\/v2\/pages\/272","targetHints":{"allow":["GET"]}}],"collection":[{"href":"https:\/\/spvgg-fuerth.com\/index.php?rest_route=\/wp\/v2\/pages"}],"about":[{"href":"https:\/\/spvgg-fuerth.com\/index.php?rest_route=\/wp\/v2\/types\/page"}],"author":[{"embeddable":true,"href":"https:\/\/spvgg-fuerth.com\/index.php?rest_route=\/wp\/v2\/users\/645"}],"replies":[{"embeddable":true,"href":"https:\/\/spvgg-fuerth.com\/index.php?rest_route=%2Fwp%2Fv2%2Fcomments&post=272"}],"version-history":[{"count":1,"href":"https:\/\/spvgg-fuerth.com\/index.php?rest_route=\/wp\/v2\/pages\/272\/revisions"}],"predecessor-version":[{"id":273,"href":"https:\/\/spvgg-fuerth.com\/index.php?rest_route=\/wp\/v2\/pages\/272\/revisions\/273"}],"up":[{"embeddable":true,"href":"https:\/\/spvgg-fuerth.com\/index.php?rest_route=\/wp\/v2\/pages\/236"}],"wp:attachment":[{"href":"https:\/\/spvgg-fuerth.com\/index.php?rest_route=%2Fwp%2Fv2%2Fmedia&parent=272"}],"curies":[{"name":"wp","href":"https:\/\/api.w.org\/{rel}","templated":true}]}}