{"id":3409,"date":"2012-08-11T10:15:23","date_gmt":"2012-08-11T08:15:23","guid":{"rendered":"http:\/\/spvgg-fuerth.com\/?page_id=3409"},"modified":"2013-08-04T18:24:30","modified_gmt":"2013-08-04T16:24:30","slug":"20122013-2","status":"publish","type":"page","link":"https:\/\/spvgg-fuerth.com\/?page_id=3409","title":{"rendered":"2012\/2013"},"content":{"rendered":"<div class=\"hinrunde\">\n<h3>Hinrunde<\/h3>\n<ul>\n<li>01 | <a href=\"http:\/\/spvgg-fuerth.com\/?p=3434\">SpVgg F\u00fcrth<\/a> (64) &#8211; <a href=\"http:\/\/spvgg-fuerth.com\/?page_id=3436\">Bayern M\u00fcnchen<\/a> (20) | Samstag, 25.08.2012<\/li>\n<li>02 | FSV Mainz \u2013 <a href=\"http:\/\/spvgg-fuerth.com\/?p=3451\">SpVgg F\u00fcrth<\/a> (16) | Freitag, 31.08.2012<\/li>\n<li>03 | <a href=\"http:\/\/spvgg-fuerth.com\/?p=3459\">SpVgg F\u00fcrth<\/a> (46) &#8211; <a href=\"http:\/\/spvgg-fuerth.com\/?page_id=3461\">Schalke 04<\/a> (20) | Samstag, 15.09.2012<\/li>\n<li>04 | Wolfsburg \u2013 <a href=\"http:\/\/spvgg-fuerth.com\/?p=3473\">SpVgg F\u00fcrth<\/a> (14) | Samstag, 22.09.2012<\/li>\n<li>05 | <a href=\"http:\/\/spvgg-fuerth.com\/?p=3482\">SpVgg F\u00fcrth<\/a> (24) &#8211; <a href=\"http:\/\/spvgg-fuerth.com\/?page_id=3485\">D\u00fcsseldorf<\/a> (16) | Dienstag, 25.09.2012<\/li>\n<li>06 | Leverkusen \u2013 <a href=\"http:\/\/spvgg-fuerth.com\/?p=3490\">SpVgg F\u00fcrth<\/a> (18) | Samstag, 29.09.2012<\/li>\n<li>07 | <a href=\"http:\/\/spvgg-fuerth.com\/?p=3494\">SpVgg F\u00fcrth<\/a> (53) &#8211; <a href=\"http:\/\/spvgg-fuerth.com\/?page_id=3500\">Hamburger SV<\/a> (26) | Samstag, 06.10.2012<\/li>\n<li>08 | Hoffenheim \u2013 <a href=\"http:\/\/spvgg-fuerth.com\/?p=3506\">SpVgg F\u00fcrth<\/a> (13) | Freitag, 19.10.2012<\/li>\n<li>09 | <a href=\"http:\/\/spvgg-fuerth.com\/?p=3511\">SpVgg F\u00fcrth<\/a> (38) &#8211; <a href=\"http:\/\/spvgg-fuerth.com\/?page_id=3515\">Werder Bremen<\/a> (30) | Samstag, 27.10.2012<\/li>\n<li>10 | Frankfurt \u2013 <a href=\"http:\/\/spvgg-fuerth.com\/?p=3522\">SpVgg F\u00fcrth<\/a> (7) | Freitag, 02.11.2012<\/li>\n<li>11 | <a href=\"http:\/\/spvgg-fuerth.com\/?p=3529\">SpVgg F\u00fcrth<\/a> (38) \u2013 <a href=\"http:\/\/spvgg-fuerth.com\/?page_id=3531\">M\u00f6nchengladbach<\/a> (6) | Sonntag, 11.11.2012<\/li>\n<li>12 | Dortmund \u2013 <a href=\"http:\/\/spvgg-fuerth.com\/?p=3538\">SpVgg F\u00fcrth<\/a> (18) | Samstag, 17.11.2012<\/li>\n<li>13 | <a href=\"http:\/\/spvgg-fuerth.com\/?p=3543\">SpVgg F\u00fcrth<\/a> (151) &#8211; <a href=\"http:\/\/spvgg-fuerth.com\/?page_id=3548\">N\u00fcrnberg<\/a> (36) | Samstag, 24.11.2012<\/li>\n<li>14 | Hannover 96 \u2013 <a href=\"http:\/\/spvgg-fuerth.com\/?p=3554\">SpVgg F\u00fcrth<\/a> (10) | Dienstag 27.11.2012<\/li>\n<li>15 | <a href=\"http:\/\/spvgg-fuerth.com\/?p=3559\">SpVgg F\u00fcrth<\/a> (14) \u2013 <a href=\"http:\/\/spvgg-fuerth.com\/?p=3562\">VfB Stuttgart<\/a> (10) | Samstag, 01.12.2012<\/li>\n<li>16 | SC Freiburg \u2013 <a href=\"http:\/\/spvgg-fuerth.com\/?p=3568\">SpVgg F\u00fcrth<\/a> (5) | Samstag, 08.12.2012<\/li>\n<li>17 | <a href=\"http:\/\/spvgg-fuerth.com\/?p=3573\">SpVgg F\u00fcrth<\/a> (20) &#8211; <a href=\"http:\/\/spvgg-fuerth.com\/?page_id=3579\">FC Augsburg<\/a> (15) | Samstag, 15.12.2012<\/li>\n<\/ul>\n<p><\/p>\n<h3>Sonstiges<\/h3>\n<ul>\n<li><a href=\"http:\/\/spvgg-fuerth.com\/?p=3401\">5 Jahre Horidos<\/a> (33) | Samstag, 28.07.2012<\/li>\n<li>Testspiel | <a href=\"http:\/\/spvgg-fuerth.com\/?p=3421\">SpVgg F\u00fcrth \u2013 Stoke City<\/a> (19) | Freitag, 10.08.2012<\/li>\n<li>DFB-Pokal | Kickers Offenbach &#8211; <a href=\"http:\/\/spvgg-fuerth.com\/?p=3428\">SpVgg F\u00fcrth<\/a> (10) | Samstag, 18.08.2012<\/li>\n<li>Vortrag | <a href=\"http:\/\/spvgg-fuerth.com\/?page_id=3478\">&#8222;Sogenannter Journalismus&#8220; mit Andrej Reisin<\/a> (5) | Freitag, 07.09.2012<\/li>\n<li>Vortrag | <a href=\"http:\/\/spvgg-fuerth.com\/?page_id=3583\">&#8222;Ultras&#8220; mit Kai Tippman<\/a> (3) | Samstag, 13.10.2012<\/li>\n<li>Demo | <a href=\"http:\/\/spvgg-fuerth.com\/?p=3589\">Demo f\u00fcr Kennzeichnungspflicht von Polizisten&#8220;<\/a> (31) | M\u00fcnchen, Samstag, 19.01.2013<\/li>\n<\/ul><\/div>\n<div class=\"rueckrunde\">\n<h3>R\u00fcckrunde<\/h3>\n<ul>\n<li>18 | Bayern M\u00fcnchen \u2013 <a href=\"http:\/\/spvgg-fuerth.com\/?p=3591\">SpVgg F\u00fcrth<\/a> (2) | Samstag, 19.01.2013<\/li>\n<li>19 | <a href=\"http:\/\/spvgg-fuerth.com\/?p=3600\">SpVgg F\u00fcrth<\/a> (9) \u2013 <a href=\"http:\/\/spvgg-fuerth.com\/?page_id=3602\">FSV Mainz<\/a> 10) | Samstag, 26.01.2013<\/li>\n<li>20 | Schalke 04 \u2013 <a href=\"http:\/\/spvgg-fuerth.com\/?p=3609\">SpVgg F\u00fcrth<\/a> (12) | Samstag, 02.02.2013<\/li>\n<li>21 | <a href=\"http:\/\/spvgg-fuerth.com\/?p=3613\">SpVgg F\u00fcrth<\/a> (20) \u2013 <a href=\"http:\/\/spvgg-fuerth.com\/?page_id=3616\">Wolfsburg<\/a> (7) | Samstag, 09.02.2013<\/li>\n<li>22 | D\u00fcsseldorf \u2013 <a href=\"http:\/\/spvgg-fuerth.com\/?p=3621\">SpVgg F\u00fcrth<\/a> (8) | Samstag, 16.02.2013<\/li>\n<li>23 | <a href=\"http:\/\/spvgg-fuerth.com\/?p=3629\">SpVgg F\u00fcrth<\/a> (26) \u2013 <a href=\"http:\/\/spvgg-fuerth.com\/?page_id=3633\">Leverkusen<\/a> (6) | Sonntag, 24.02.2013<\/li>\n<li>24 | Hamburger SV \u2013 <a href=\"http:\/\/spvgg-fuerth.com\/?p=3638\">SpVgg F\u00fcrth<\/a> (8) | Samstag, 02.03.2013<\/li>\n<li>25 | <a href=\"http:\/\/spvgg-fuerth.com\/?p=3643\">SpVgg F\u00fcrth<\/a> (47) \u2013 Hoffenheim | Samstag, 09.03.2013<\/li>\n<li>26 | Werder Bremen \u2013 <a href=\"http:\/\/spvgg-fuerth.com\/?p=3648\">SpVgg F\u00fcrth<\/a> (12) | Samstag, 16.03.2013<\/li>\n<li>27 | <a href=\"http:\/\/spvgg-fuerth.com\/?p=3655\">SpVgg F\u00fcrth<\/a> (21) \u2013 <a href=\"http:\/\/spvgg-fuerth.com\/?page_id=3657\">Frankfurt<\/a> (9) | Sonntag, 31.03.2013<\/li>\n<li>28 | M\u00f6nchengladbach \u2013 <a href=\"http:\/\/spvgg-fuerth.com\/?p=3675\">SpVgg F\u00fcrth<\/a> (2) | Samstag, 06.04.2013<\/li>\n<li>29 | <a href=\"http:\/\/spvgg-fuerth.com\/?p=3666\">SpVgg F\u00fcrth<\/a> (10) \u2013 <a href=\"http:\/\/spvgg-fuerth.com\/?page_id=3668\">Dortmund<\/a> (17) | Samstag, 13.04.2013<\/li>\n<li>30 | <a href=\"http:\/\/spvgg-fuerth.com\/?page_id=3687\">N\u00fcrnberg<\/a> (7) \u2013 <a href=\"http:\/\/spvgg-fuerth.com\/?p=3684\">SpVgg F\u00fcrth<\/a> (67) | Sonntag, 21.04.2013<\/li>\n<li>31 | <a href=\"http:\/\/spvgg-fuerth.com\/?p=3690\">SpVgg F\u00fcrth<\/a> (26) \u2013 <a href=\"http:\/\/spvgg-fuerth.com\/?page_id=3693\">Hannover 96<\/a> (19) | Freitag, 26.04.2013<\/li>\n<li>32 | Stuttgart \u2013 <a href=\"http:\/\/spvgg-fuerth.com\/?p=3706\">SpVgg F\u00fcrth<\/a> (3) | Samstag, 04.05.2013<\/li>\n<li>33 | <a href=\"http:\/\/spvgg-fuerth.com\/?p=3698\">SpVgg F\u00fcrth<\/a> (17) \u2013 <a href=\"http:\/\/spvgg-fuerth.com\/?page_id=3701\">FC Freiburg<\/a> (14) | Samstag, 11.05.2013<\/li>\n<li class=\"kommtnoch\">34 | FC Augsburg \u2013 SpVgg F\u00fcrth | Samstag, 18.05.2013<\/li>\n<\/ul>\n","protected":false},"excerpt":{"rendered":"<p>Hinrunde 01 | SpVgg F\u00fcrth (64) &#8211; Bayern M\u00fcnchen (20) | Samstag, 25.08.2012 02 | FSV Mainz \u2013 SpVgg F\u00fcrth (16) | Freitag, 31.08.2012 03 | SpVgg F\u00fcrth (46) &#8211; Schalke 04 (20) | Samstag, 15.09.2012 04 | Wolfsburg \u2013 SpVgg F\u00fcrth (14) | Samstag, 22.09.2012 05 | SpVgg F\u00fcrth (24) &#8211; D\u00fcsseldorf (16) | [&hellip;]<\/p>\n","protected":false},"author":645,"featured_media":0,"parent":0,"menu_order":0,"comment_status":"open","ping_status":"open","template":"","meta":{"footnotes":""},"class_list":["post-3409","page","type-page","status-publish","hentry"],"_links":{"self":[{"href":"https:\/\/spvgg-fuerth.com\/index.php?rest_route=\/wp\/v2\/pages\/3409","targetHints":{"allow":["GET"]}}],"collection":[{"href":"https:\/\/spvgg-fuerth.com\/index.php?rest_route=\/wp\/v2\/pages"}],"about":[{"href":"https:\/\/spvgg-fuerth.com\/index.php?rest_route=\/wp\/v2\/types\/page"}],"author":[{"embeddable":true,"href":"https:\/\/spvgg-fuerth.com\/index.php?rest_route=\/wp\/v2\/users\/645"}],"replies":[{"embeddable":true,"href":"https:\/\/spvgg-fuerth.com\/index.php?rest_route=%2Fwp%2Fv2%2Fcomments&post=3409"}],"version-history":[{"count":79,"href":"https:\/\/spvgg-fuerth.com\/index.php?rest_route=\/wp\/v2\/pages\/3409\/revisions"}],"predecessor-version":[{"id":3742,"href":"https:\/\/spvgg-fuerth.com\/index.php?rest_route=\/wp\/v2\/pages\/3409\/revisions\/3742"}],"wp:attachment":[{"href":"https:\/\/spvgg-fuerth.com\/index.php?rest_route=%2Fwp%2Fv2%2Fmedia&parent=3409"}],"curies":[{"name":"wp","href":"https:\/\/api.w.org\/{rel}","templated":true}]}}