{"id":588,"date":"2010-04-30T10:01:27","date_gmt":"2010-04-30T08:01:27","guid":{"rendered":"http:\/\/spvgg-fuerth.com\/?page_id=588"},"modified":"2010-07-24T18:36:27","modified_gmt":"2010-07-24T16:36:27","slug":"01-spvgg-furth-%e2%80%93-1860-munchen-gastefans-sonntag-13-08-2006","status":"publish","type":"page","link":"https:\/\/spvgg-fuerth.com\/?page_id=588","title":{"rendered":"01 | SpVgg F\u00fcrth \u2013 1860 M\u00fcnchen | G\u00e4stefans | Sonntag, 13.08.2006 | 3000 G\u00e4ste"},"content":{"rendered":"<p><img decoding=\"async\" src=\"https:\/\/www.spvgg-fuerth.com\/fotos\/0607\/fotos\/fuerth-1860_0607-gegner_01.jpg\" alt=\"\" \/><br \/>\n<img decoding=\"async\" src=\"https:\/\/www.spvgg-fuerth.com\/fotos\/0607\/fotos\/fuerth-1860_0607-gegner_02.jpg\" alt=\"\" \/><br \/>\n<img decoding=\"async\" src=\"https:\/\/www.spvgg-fuerth.com\/fotos\/0607\/fotos\/fuerth-1860_0607-gegner_03.jpg\" alt=\"\" \/><br \/>\n<img decoding=\"async\" src=\"https:\/\/www.spvgg-fuerth.com\/fotos\/0607\/fotos\/fuerth-1860_0607-gegner_04.jpg\" alt=\"\" \/><br \/>\n<img decoding=\"async\" src=\"https:\/\/www.spvgg-fuerth.com\/fotos\/0607\/fotos\/fuerth-1860_0607-gegner_05.jpg\" alt=\"\" \/><br \/>\n<img decoding=\"async\" src=\"https:\/\/www.spvgg-fuerth.com\/fotos\/0607\/fotos\/fuerth-1860_0607-gegner_06.jpg\" alt=\"\" \/><br \/>\n<img decoding=\"async\" src=\"https:\/\/www.spvgg-fuerth.com\/fotos\/0607\/fotos\/fuerth-1860_0607-gegner_07.jpg\" alt=\"\" \/><br \/>\n<img decoding=\"async\" src=\"https:\/\/www.spvgg-fuerth.com\/fotos\/0607\/fotos\/fuerth-1860_0607-gegner_08.jpg\" alt=\"\" \/><br \/>\n<img decoding=\"async\" src=\"https:\/\/www.spvgg-fuerth.com\/fotos\/0607\/fotos\/fuerth-1860_0607-gegner_09.jpg\" alt=\"\" \/><br \/>\n<img decoding=\"async\" src=\"https:\/\/www.spvgg-fuerth.com\/fotos\/0607\/fotos\/fuerth-1860_0607-gegner_10.jpg\" alt=\"\" \/><br \/>\n<img decoding=\"async\" src=\"https:\/\/www.spvgg-fuerth.com\/fotos\/0607\/fotos\/fuerth-1860_0607-gegner_11.jpg\" alt=\"\" \/><br \/>\n<img decoding=\"async\" src=\"https:\/\/www.spvgg-fuerth.com\/fotos\/0607\/fotos\/fuerth-1860_0607-gegner_12.jpg\" alt=\"\" \/><br \/>\n<img decoding=\"async\" src=\"https:\/\/www.spvgg-fuerth.com\/fotos\/0607\/fotos\/fuerth-1860_0607-gegner_13.jpg\" alt=\"\" \/><br \/>\n<img decoding=\"async\" src=\"https:\/\/www.spvgg-fuerth.com\/fotos\/0607\/fotos\/fuerth-1860_0607-gegner_14.jpg\" alt=\"\" \/><br \/>\n<img decoding=\"async\" src=\"https:\/\/www.spvgg-fuerth.com\/fotos\/0607\/fotos\/fuerth-1860_0607-gegner_15.jpg\" alt=\"\" \/><br \/>\n<img decoding=\"async\" src=\"https:\/\/www.spvgg-fuerth.com\/fotos\/0607\/fotos\/fuerth-1860_0607-gegner_16.jpg\" alt=\"\" \/><br \/>\n<img decoding=\"async\" src=\"https:\/\/www.spvgg-fuerth.com\/fotos\/0607\/fotos\/fuerth-1860_0607-gegner_17.jpg\" alt=\"\" \/><br \/><\/p>\n","protected":false},"excerpt":{"rendered":"","protected":false},"author":645,"featured_media":0,"parent":582,"menu_order":0,"comment_status":"open","ping_status":"open","template":"","meta":{"footnotes":""},"class_list":["post-588","page","type-page","status-publish","hentry"],"_links":{"self":[{"href":"https:\/\/spvgg-fuerth.com\/index.php?rest_route=\/wp\/v2\/pages\/588","targetHints":{"allow":["GET"]}}],"collection":[{"href":"https:\/\/spvgg-fuerth.com\/index.php?rest_route=\/wp\/v2\/pages"}],"about":[{"href":"https:\/\/spvgg-fuerth.com\/index.php?rest_route=\/wp\/v2\/types\/page"}],"author":[{"embeddable":true,"href":"https:\/\/spvgg-fuerth.com\/index.php?rest_route=\/wp\/v2\/users\/645"}],"replies":[{"embeddable":true,"href":"https:\/\/spvgg-fuerth.com\/index.php?rest_route=%2Fwp%2Fv2%2Fcomments&post=588"}],"version-history":[{"count":3,"href":"https:\/\/spvgg-fuerth.com\/index.php?rest_route=\/wp\/v2\/pages\/588\/revisions"}],"predecessor-version":[{"id":1157,"href":"https:\/\/spvgg-fuerth.com\/index.php?rest_route=\/wp\/v2\/pages\/588\/revisions\/1157"}],"up":[{"embeddable":true,"href":"https:\/\/spvgg-fuerth.com\/index.php?rest_route=\/wp\/v2\/pages\/582"}],"wp:attachment":[{"href":"https:\/\/spvgg-fuerth.com\/index.php?rest_route=%2Fwp%2Fv2%2Fmedia&parent=588"}],"curies":[{"name":"wp","href":"https:\/\/api.w.org\/{rel}","templated":true}]}}