{"id":6612,"date":"2024-08-09T08:54:43","date_gmt":"2024-08-09T06:54:43","guid":{"rendered":"https:\/\/spvgg-fuerth.com\/?page_id=6612"},"modified":"2025-08-03T10:12:44","modified_gmt":"2025-08-03T08:12:44","slug":"2024-2025","status":"publish","type":"page","link":"https:\/\/spvgg-fuerth.com\/?page_id=6612","title":{"rendered":"2024\/2025"},"content":{"rendered":"<div class=\"intro\"><a href=\"https:\/\/spvgg-fuerth.com\/?p=6884\"><img decoding=\"async\" src=\"_gfx\/home-01a-hsv.jpg\" \/><\/a><\/div>\n<div class=\"hinrunde\">\n<h3>Hinrunde<\/h3>\n<ul>\n<li style=\"list-style-type: none;\">\n<ul>\n<li>01 | <a href=\"https:\/\/spvgg-fuerth.com\/?p=6613\">SpVgg F\u00fcrth<\/a> &#8211; <a href=\"https:\/\/spvgg-fuerth.com\/?page_id=6625\">M\u00fcnster<\/a> | So 4.8.24<\/li>\n<li>02 | Kaiserslautern &#8211; <a href=\"https:\/\/spvgg-fuerth.com\/?p=6616\">SpVgg F\u00fcrth<\/a> | Fr 9.8.24<\/li>\n<li>03 | <a href=\"https:\/\/spvgg-fuerth.com\/?p=6628\">SpVgg F\u00fcrth<\/a> \u2013 Paderborn | Sa 24.8.24<\/li>\n<li>04 | Regensburg \u2013 <a href=\"https:\/\/spvgg-fuerth.com\/?p=6634\">SpVgg F\u00fcrth<\/a> | Fr 30.8.24<\/li>\n<li>05 | <a href=\"https:\/\/spvgg-fuerth.com\/?p=6639\">SpVgg F\u00fcrth<\/a> \u2013 Elversberg | So 15.9.24<\/li>\n<li>06 | Braunschweig \u2013 <a href=\"https:\/\/spvgg-fuerth.com\/?p=6646\">SpVgg F\u00fcrth<\/a> | Sa 21.9.24<\/li>\n<li>07 | <a href=\"https:\/\/spvgg-fuerth.com\/?p=6650\">SpVgg F\u00fcrth<\/a> \u2013 D\u00fcsseldorf | Fr 27.9.24<\/li>\n<li>08 | Magdeburg \u2013 <a href=\"https:\/\/spvgg-fuerth.com\/?p=6662\">SpVgg F\u00fcrth<\/a> | So 6.10.24<\/li>\n<li>09 | <a href=\"https:\/\/spvgg-fuerth.com\/?p=6667\">SpVgg F\u00fcrth<\/a> \u2013 Nbg | So 20.10.24<\/li>\n<li>10 | Schalke 04 \u2013 <a href=\"https:\/\/spvgg-fuerth.com\/?p=6674\">SpVgg F\u00fcrth<\/a> | Sa 26.10.24<\/li>\n<li>11 | <a href=\"https:\/\/spvgg-fuerth.com\/?p=6686\">SpVgg F\u00fcrth<\/a> \u2013 Darmstadt | Sa 2.11.24<\/li>\n<li>12 | K\u00f6ln \u2013 <a href=\"https:\/\/spvgg-fuerth.com\/?p=6693\">SpVgg F\u00fcrth<\/a> | Sa 9.11.24<\/li>\n<li>13 | <a href=\"https:\/\/spvgg-fuerth.com\/?p=6700\">SpVgg F\u00fcrth<\/a> \u2013 Karlsruher SC | Sa 23.11.24<\/li>\n<li>14 | SSV Ulm \u2013 <a href=\"https:\/\/spvgg-fuerth.com\/?p=6708\">SpVgg F\u00fcrth<\/a> | So 1.12.24<\/li>\n<li>15 | <a href=\"https:\/\/spvgg-fuerth.com\/?p=6713\">SpVgg F\u00fcrth<\/a> \u2013 Hertha BSC | Sa 7.12.24<\/li>\n<li>16 | <a href=\"https:\/\/spvgg-fuerth.com\/?p=6718\">SpVgg F\u00fcrth<\/a> \u2013 <a href=\"https:\/\/spvgg-fuerth.com\/?page_id=6722\">Hannover 96<\/a> | So 15.12.24<\/li>\n<li>17 | HSV &#8211; <a href=\"https:\/\/spvgg-fuerth.com\/?p=6726\">SpVgg F\u00fcrth<\/a> | Sa 21.12.24<\/li>\n<\/ul>\n<\/li>\n<\/ul>\n<h3>Sonstiges<\/h3>\n<ul>\n<li>DFB Pokal | Schott Mainz \u2013 <a href=\"https:\/\/spvgg-fuerth.com\/?p=6620\">SpVgg F\u00fcrth<\/a> | Sa 17.8.24<\/li>\n<li>DFB Pokal | Regensburg \u2013 <a href=\"https:\/\/spvgg-fuerth.com\/?p=6682\">SpVgg F\u00fcrth<\/a> | Di 29.10.24<\/li>\n<li><a href=\"https:\/\/spvgg-fuerth.com\/?page_id=6976\">Sensation Green<\/a> | Juni 2025<\/li>\n<\/ul>\n<\/div>\n<div class=\"rueckrunde\">\n<h3>R\u00fcckrunde<\/h3>\n<ul>\n<li>18 | M\u00fcnster \u2013 <a href=\"https:\/\/spvgg-fuerth.com\/?p=6732\">SpVgg F\u00fcrth<\/a> | Sa 18.01.25<\/li>\n<li>19 | <a href=\"https:\/\/spvgg-fuerth.com\/?p=6738\">SpVgg F\u00fcrth<\/a> \u2013 <a href=\"https:\/\/spvgg-fuerth.com\/?page_id=6742\">Kaiserslautern<\/a> | Fr 24.01.25<\/li>\n<li>20 | Paderborn &#8211; <a href=\"https:\/\/spvgg-fuerth.com\/?p=6746\">SpVgg F\u00fcrth<\/a> | So 2.2.25<\/li>\n<li>21 | <a href=\"https:\/\/spvgg-fuerth.com\/?p=6752\">SpVgg F\u00fcrth<\/a> \u2013 Regensburg | Fr 7.2.25<\/li>\n<li>22 | Elversberg \u2013 <a href=\"https:\/\/spvgg-fuerth.com\/?p=6757\">SpVgg F\u00fcrth<\/a> | Sa 15.2.25<\/li>\n<li>23 | <a href=\"https:\/\/spvgg-fuerth.com\/?p=6760\">SpVgg F\u00fcrth<\/a> \u2013 Braunschweig | So 23.2.25<\/li>\n<li>24 | D\u00fcsseldorf \u2013 <a href=\"https:\/\/spvgg-fuerth.com\/?p=6765\">SpVgg F\u00fcrth<\/a> | Fr 28.2.25<\/li>\n<li>25 | <a href=\"https:\/\/spvgg-fuerth.com\/?p=6771\">SpVgg F\u00fcrth<\/a> \u2013 Magdeburg | Sa 8.3.25<\/li>\n<li>26 | N\u00fcrnberg &#8211; <a href=\"https:\/\/spvgg-fuerth.com\/?p=6776\">SpVgg F\u00fcrth<\/a> | So 16.3.25<\/li>\n<li>27 | <a href=\"https:\/\/spvgg-fuerth.com\/?p=6781\">SpVgg F\u00fcrth<\/a> \u2013 Schalke 04 | So 30.3.25<\/li>\n<li>28 | <a href=\"https:\/\/spvgg-fuerth.com\/?p=6788\">Darmstadt 98 \u2013 SpVgg F\u00fcrth<\/a> | Sa 5.4.25<\/li>\n<li>29 | <a href=\"https:\/\/spvgg-fuerth.com\/?p=6793\">SpVgg F\u00fcrth \u2013 FC K\u00f6ln<\/a> | Fr 11.4.25<\/li>\n<li>30 | <a href=\"https:\/\/spvgg-fuerth.com\/?p=6799\">KSC \u2013 SpVgg F\u00fcrth<\/a> | So 20.4.25<\/li>\n<li>31 | <a href=\"https:\/\/spvgg-fuerth.com\/?p=6803\">SpVgg F\u00fcrth \u2013 SSV Ulm<\/a> | Fr 25.4.25<\/li>\n<li>32 | <a href=\"https:\/\/spvgg-fuerth.com\/?p=6834\">Hertha BSC \u2013 SpVgg F\u00fcrth <\/a> | So 4.5.25<\/li>\n<li>33 | <a href=\"https:\/\/spvgg-fuerth.com\/?p=6865\">Hannover 96 \u2013 SpVgg F\u00fcrth<\/a> | So 11.5.25<\/li>\n<li>34 | <a href=\"https:\/\/spvgg-fuerth.com\/?p=6884\">SpVgg F\u00fcrth \u2013 HSV<\/a> | So 18.5.25<\/li>\n<\/ul>\n<\/div>\n","protected":false},"excerpt":{"rendered":"<p>Hinrunde 01 | SpVgg F\u00fcrth &#8211; M\u00fcnster | So 4.8.24 02 | Kaiserslautern &#8211; SpVgg F\u00fcrth | Fr 9.8.24 03 | SpVgg F\u00fcrth \u2013 Paderborn | Sa 24.8.24 04 | Regensburg \u2013 SpVgg F\u00fcrth | Fr 30.8.24 05 | SpVgg F\u00fcrth \u2013 Elversberg | So 15.9.24 06 | Braunschweig \u2013 SpVgg F\u00fcrth | Sa 21.9.24 [&hellip;]<\/p>\n","protected":false},"author":645,"featured_media":0,"parent":0,"menu_order":0,"comment_status":"closed","ping_status":"closed","template":"","meta":{"footnotes":""},"class_list":["post-6612","page","type-page","status-publish","hentry"],"_links":{"self":[{"href":"https:\/\/spvgg-fuerth.com\/index.php?rest_route=\/wp\/v2\/pages\/6612","targetHints":{"allow":["GET"]}}],"collection":[{"href":"https:\/\/spvgg-fuerth.com\/index.php?rest_route=\/wp\/v2\/pages"}],"about":[{"href":"https:\/\/spvgg-fuerth.com\/index.php?rest_route=\/wp\/v2\/types\/page"}],"author":[{"embeddable":true,"href":"https:\/\/spvgg-fuerth.com\/index.php?rest_route=\/wp\/v2\/users\/645"}],"replies":[{"embeddable":true,"href":"https:\/\/spvgg-fuerth.com\/index.php?rest_route=%2Fwp%2Fv2%2Fcomments&post=6612"}],"version-history":[{"count":57,"href":"https:\/\/spvgg-fuerth.com\/index.php?rest_route=\/wp\/v2\/pages\/6612\/revisions"}],"predecessor-version":[{"id":7016,"href":"https:\/\/spvgg-fuerth.com\/index.php?rest_route=\/wp\/v2\/pages\/6612\/revisions\/7016"}],"wp:attachment":[{"href":"https:\/\/spvgg-fuerth.com\/index.php?rest_route=%2Fwp%2Fv2%2Fmedia&parent=6612"}],"curies":[{"name":"wp","href":"https:\/\/api.w.org\/{rel}","templated":true}]}}