{"id":886,"date":"2010-06-28T13:31:44","date_gmt":"2010-06-28T11:31:44","guid":{"rendered":"http:\/\/spvgg-fuerth.com\/?page_id=886"},"modified":"2010-08-12T14:22:34","modified_gmt":"2010-08-12T12:22:34","slug":"saison-20042005-2","status":"publish","type":"page","link":"https:\/\/spvgg-fuerth.com\/?page_id=886","title":{"rendered":"Saison 2004\/2005"},"content":{"rendered":"<div class=\"hinrunde\">\n<h3>Hinrunde<\/h3>\n<ul>\n<li>01 | <a href=\"http:\/\/spvgg-fuerth.com\/?page_id=1184\">SpVgg F\u00fcrth<\/a> (19) &#8211;  <a href=\"http:\/\/spvgg-fuerth.com\/?page_id=1193\">LR Ahlen<\/a> (1) | Samstag, 08.08.2004<\/li>\n<li>02 | SpVgg Unterhaching &#8211; <a href=\"http:\/\/spvgg-fuerth.com\/?page_id=1196\">SpVgg F\u00fcrth<\/a> (7) | Sonntag, 15.08.2004<\/li>\n<li>03 | <a href=\"http:\/\/spvgg-fuerth.com\/?page_id=1201\">SpVgg F\u00fcrth<\/a> (16) &#8211; <a href=\"http:\/\/spvgg-fuerth.com\/?page_id=1205\">Erzgebirge Aue<\/a> (10) | Sonntag, 29.08.2004<\/li>\n<li>04 | <a href=\"http:\/\/spvgg-fuerth.com\/?page_id=1213\">Eintracht Trier<\/a> (1) \u2013 <a href=\"http:\/\/spvgg-fuerth.com\/?page_id=1209\">SpVgg F\u00fcrth<\/a> (7) | Sonntag, 12.09.2004<\/li>\n<li>05 | <a href=\"http:\/\/spvgg-fuerth.com\/?page_id=1217\">SpVgg F\u00fcrth<\/a> (11) &#8211; <a href=\"http:\/\/spvgg-fuerth.com\/?page_id=1221\">Rot Wei\u00df Erfurt<\/a> (7) | Sonntag, 19.09.2004<\/li>\n<li>06 | <a href=\"http:\/\/spvgg-fuerth.com\/?page_id=1228\">MSV Duisburg<\/a> \u2013 <a href=\"http:\/\/spvgg-fuerth.com\/?page_id=1224\">SpVgg F\u00fcrth<\/a> (2) | Sonntag, 26.09.2004<\/li>\n<li>07 | <a href=\"http:\/\/spvgg-fuerth.com\/?page_id=1232\">SpVgg F\u00fcrth<\/a> (14) &#8211; <a href=\"http:\/\/spvgg-fuerth.com\/?page_id=1236\">Energie Cottbus<\/a> (4) | Sonntag, 03.10.2004<\/li>\n<li>08 | Wacker Burghausen &#8211; <a href=\"http:\/\/spvgg-fuerth.com\/?page_id=1239\">SpVgg F\u00fcrth<\/a> | Sonntag, 17.10.2004<\/li>\n<li>09 | <a href=\"http:\/\/spvgg-fuerth.com\/?page_id=1242\">SpVgg F\u00fcrth<\/a> (10) &#8211; <a href=\"http:\/\/spvgg-fuerth.com\/?page_id=1246\">Eintracht Frankfurt<\/a> (5) | Freitag, 22.10.2004<\/li>\n<li>10 | Karlsruher SC &#8211; <a href=\"http:\/\/spvgg-fuerth.com\/?page_id=1249\">SpVgg F\u00fcrth<\/a> (1) | Dienstag, 26.10.2004<\/li>\n<li>11 | <a href=\"http:\/\/spvgg-fuerth.com\/?page_id=1252\">SpVgg F\u00fcrth<\/a> (14) &#8211; <a href=\"http:\/\/spvgg-fuerth.com\/?page_id=1262\">FC K\u00f6ln<\/a> (4) | Freitag, 29.10.2004<\/li>\n<li>12 | <a href=\"http:\/\/spvgg-fuerth.com\/?page_id=1265\">Dynamo Dresden<\/a> (3) &#8211; <a href=\"http:\/\/spvgg-fuerth.com\/?page_id=1257\">SpVgg F\u00fcrth<\/a> (4) | Sonntag, 07.11.2004<\/li>\n<li>13 | <a href=\"http:\/\/spvgg-fuerth.com\/?page_id=1268\">SpVgg F\u00fcrth<\/a> (12) &#8211; <a href=\"http:\/\/spvgg-fuerth.com\/?page_id=1276\">Saarbr\u00fccken<\/a> (4) | Freitag, 12.11.2004<\/li>\n<li>14 | Rot Wei\u00df Oberhausen &#8211; <a href=\"http:\/\/spvgg-fuerth.com\/?page_id=1279\">SpVgg F\u00fcrth<\/a> (1) | Freitag, 19.11.2004<\/li>\n<li>15 | <a href=\"http:\/\/spvgg-fuerth.com\/?page_id=1284\">SpVgg F\u00fcrth<\/a> (11) &#8211; <a href=\"http:\/\/spvgg-fuerth.com\/?page_id=1296\">Rot-Wei\u00df Essen<\/a> (5) | Sonntag, 28.11.2004<\/li>\n<li>16 | 1860 M\u00fcnchen &#8211; <a href=\"http:\/\/spvgg-fuerth.com\/?page_id=1289\">SpVgg F\u00fcrth<\/a> (10) | Montag, 06.12.2004<\/li>\n<li>17 | <a href=\"http:\/\/spvgg-fuerth.com\/?page_id=1299\">SpVgg F\u00fcrth<\/a> (8) &#8211; Alemannia Aachen | Freitag, 10.12.2004<\/li>\n<\/ul>\n<p><\/p>\n<h3>Sonstiges<\/h3>\n<ul>\n<li>Testspiel | TSV Neustadt\/Aisch &#8211; <a href=\"http:\/\/spvgg-fuerth.com\/?page_id=1314\">SpVgg F\u00fcrth<\/a> (5) | Sonntag, 11.07.2004<\/li>\n<li><a href=\"http:\/\/spvgg-fuerth.com\/?page_id=1449\">Fanstand<\/a> (11) | Juni &#8211; August 2004<\/li>\n<li>DFB-Pokal | Carl Zeiss Jena \u2013 <a href=\"http:\/\/spvgg-fuerth.com\/?page_id=1304\">SpVgg F\u00fcrth<\/a> (5) | Samstag, 21.08.2004<\/li>\n<li>Amateure | <a href=\"http:\/\/spvgg-fuerth.com\/?page_id=1319\">SpVgg F\u00fcrth<\/a> (1) &#8211; <a href=\"http:\/\/spvgg-fuerth.com\/?page_id=1323\">FC N\u00fcrnberg<\/a> (3) | Donnerstag, 16.09.2004<\/li>\n<li>DFB-Pokal | Eintracht Frankfurt &#8211; <a href=\"http:\/\/spvgg-fuerth.com\/?page_id=1309\">SpVgg F\u00fcrth<\/a> (1) | Mittwoch, 22.09.2004<\/li>\n<li>Testspiel | <a href=\"http:\/\/spvgg-fuerth.com\/?page_id=1326\">SpVgg F\u00fcrth<\/a> (9) &#8211; <a href=\"http:\/\/spvgg-fuerth.com\/?page_id=1333\">FC N\u00fcrnberg<\/a> (2) | Donnerstag, 07.10.2004<\/li>\n<li><a href=\"http:\/\/spvgg-fuerth.com\/?page_id=1460\">Fandemo Frankfurt<\/a> (89) | Mittwoch, 15.06.2005<\/li>\n<li>A-Junioren | <a href=\"http:\/\/spvgg-fuerth.com\/?page_id=1455\">SpVgg F\u00fcrth<\/a> (1) &#8211; VfB Stuttgart | Sonntag, 19.06.2005<\/li>\n<\/ul><\/div>\n<div class=\"rueckrunde\">\n<h3>R\u00fcckrunde<\/h3>\n<ul>\n<li>18 | LR Ahlen &#8211; <a href=\"http:\/\/spvgg-fuerth.com\/?page_id=1338\">SpVgg F\u00fcrth<\/a> (9) | Sonntag, 23.01.2005<\/li>\n<li>19 | <a href=\"http:\/\/spvgg-fuerth.com\/?page_id=1341\">SpVgg F\u00fcrth<\/a> (14) &#8211; <a href=\"http:\/\/spvgg-fuerth.com\/?page_id=1344\">Unterhaching<\/a> (5) | Sonntag, 30.01.2005<\/li>\n<li>20 | <a href=\"http:\/\/spvgg-fuerth.com\/?page_id=1354\">Erzgebirge Aue<\/a> &#8211; <a href=\"http:\/\/spvgg-fuerth.com\/?page_id=1347\">SpVgg F\u00fcrth<\/a> (11) | Sonntag, 06.02.2005<\/li>\n<li>21 | <a href=\"http:\/\/spvgg-fuerth.com\/?page_id=1357\">SpVgg F\u00fcrth<\/a> (10) &#8211; <a href=\"http:\/\/spvgg-fuerth.com\/?page_id=1362\">Eintracht Trier<\/a> (1) | Sonntag, 13.02.2005<\/li>\n<li>22 | <a href=\"http:\/\/spvgg-fuerth.com\/?page_id=1369\">Rot Wei\u00df Erfurt<\/a> (1) &#8211; <a href=\"http:\/\/spvgg-fuerth.com\/?page_id=1365\">SpVgg F\u00fcrth<\/a> (4) | Sonntag, 20.02.2005<\/li>\n<li>23 | <a href=\"http:\/\/spvgg-fuerth.com\/?page_id=1372\">SpVgg F\u00fcrth<\/a> (14) &#8211; <a href=\"http:\/\/spvgg-fuerth.com\/?page_id=1377\">MSV Duisburg<\/a> (3) | Montag, 28.02.2005<\/li>\n<li>24 | <a href=\"http:\/\/spvgg-fuerth.com\/?page_id=1385\">Energie Cottbus<\/a> (5) &#8211; <a href=\"http:\/\/spvgg-fuerth.com\/?page_id=1380\">SpVgg F\u00fcrth<\/a> (8) | Sonntag, 06.03.2005<\/li>\n<li>26 | <a href=\"http:\/\/spvgg-fuerth.com\/?page_id=1391\">Eintracht Frankfurt<\/a> (4) &#8211; <a href=\"http:\/\/spvgg-fuerth.com\/?page_id=1388\">SpVgg F\u00fcrth<\/a> (13) | Montag, 21.03.2005<\/li>\n<li>27 | <a href=\"http:\/\/spvgg-fuerth.com\/?page_id=1394\">SpVgg F\u00fcrth<\/a> (17) &#8211; <a href=\"http:\/\/spvgg-fuerth.com\/?page_id=1399\">Karlsruher SC<\/a> (11) | Sonntag, 03.04.2005<\/li>\n<li>25 | <a href=\"http:\/\/spvgg-fuerth.com\/?page_id=1402\">SpVgg F\u00fcrth<\/a> (19) &#8211; <a href=\"http:\/\/spvgg-fuerth.com\/?page_id=1405\">Wacker Burghausen<\/a> (4) | Mittwoch, 06.04.2005<\/li>\n<li>28 | 1.FC K\u00f6ln &#8211; <a href=\"http:\/\/spvgg-fuerth.com\/?page_id=1408\">SpVgg F\u00fcrth<\/a> (1) | Montag, 11.04.2005<\/li>\n<li>29 | <a href=\"http:\/\/spvgg-fuerth.com\/?page_id=1411\">SpVgg F\u00fcrth<\/a> (13) &#8211; <a href=\"http:\/\/spvgg-fuerth.com\/?page_id=1414\">Dynamo Dresden<\/a> (16) | Freitag, 15.04.2005<\/li>\n<li>30 | Saarbr\u00fccken &#8211; <a href=\"http:\/\/spvgg-fuerth.com\/?page_id=1417\">SpVgg F\u00fcrth<\/a> (11) | Sonntag, 24.04.2005<\/li>\n<li>31 | <a href=\"http:\/\/spvgg-fuerth.com\/?page_id=1421\">SpVgg F\u00fcrth<\/a> (3) &#8211; Rot-Wei\u00df Oberhausen | Freitag, 29.04.2005<\/li>\n<li>32 | <a href=\"http:\/\/spvgg-fuerth.com\/?page_id=1432\">Rot Wei\u00df Essen<\/a> (4) &#8211; <a href=\"http:\/\/spvgg-fuerth.com\/?page_id=1428\">SpVgg F\u00fcrth<\/a> (3) | Sonntag, 08.05.2005<\/li>\n<li>33 | <a href=\"http:\/\/spvgg-fuerth.com\/?page_id=1435\">SpVgg F\u00fcrth<\/a> (24) &#8211; <a href=\"http:\/\/spvgg-fuerth.com\/?page_id=1438\">1860 M\u00fcnchen<\/a> (22) | Sonntag, 15.05.2005<\/li>\n<li>34 | <a href=\"http:\/\/spvgg-fuerth.com\/?page_id=1446\">Alemannia Aachen<\/a> (6) &#8211; <a href=\"http:\/\/spvgg-fuerth.com\/?page_id=1441\">SpVgg F\u00fcrth<\/a> (10) | Sonntag, 22.05.2005<\/li>\n<\/ul><\/div>\n","protected":false},"excerpt":{"rendered":"<p>Hinrunde 01 | SpVgg F\u00fcrth (19) &#8211; LR Ahlen (1) | Samstag, 08.08.2004 02 | SpVgg Unterhaching &#8211; SpVgg F\u00fcrth (7) | Sonntag, 15.08.2004 03 | SpVgg F\u00fcrth (16) &#8211; Erzgebirge Aue (10) | Sonntag, 29.08.2004 04 | Eintracht Trier (1) \u2013 SpVgg F\u00fcrth (7) | Sonntag, 12.09.2004 05 | SpVgg F\u00fcrth (11) &#8211; Rot [&hellip;]<\/p>\n","protected":false},"author":645,"featured_media":0,"parent":0,"menu_order":0,"comment_status":"open","ping_status":"open","template":"","meta":{"footnotes":""},"class_list":["post-886","page","type-page","status-publish","hentry"],"_links":{"self":[{"href":"https:\/\/spvgg-fuerth.com\/index.php?rest_route=\/wp\/v2\/pages\/886","targetHints":{"allow":["GET"]}}],"collection":[{"href":"https:\/\/spvgg-fuerth.com\/index.php?rest_route=\/wp\/v2\/pages"}],"about":[{"href":"https:\/\/spvgg-fuerth.com\/index.php?rest_route=\/wp\/v2\/types\/page"}],"author":[{"embeddable":true,"href":"https:\/\/spvgg-fuerth.com\/index.php?rest_route=\/wp\/v2\/users\/645"}],"replies":[{"embeddable":true,"href":"https:\/\/spvgg-fuerth.com\/index.php?rest_route=%2Fwp%2Fv2%2Fcomments&post=886"}],"version-history":[{"count":110,"href":"https:\/\/spvgg-fuerth.com\/index.php?rest_route=\/wp\/v2\/pages\/886\/revisions"}],"predecessor-version":[{"id":1473,"href":"https:\/\/spvgg-fuerth.com\/index.php?rest_route=\/wp\/v2\/pages\/886\/revisions\/1473"}],"wp:attachment":[{"href":"https:\/\/spvgg-fuerth.com\/index.php?rest_route=%2Fwp%2Fv2%2Fmedia&parent=886"}],"curies":[{"name":"wp","href":"https:\/\/api.w.org\/{rel}","templated":true}]}}